{"id":7550,"date":"2025-01-02T12:24:17","date_gmt":"2025-01-02T18:24:17","guid":{"rendered":"https:\/\/www.rivercityinnovations.ca\/actualites\/"},"modified":"2025-05-05T15:38:42","modified_gmt":"2025-05-05T21:38:42","slug":"actualites","status":"publish","type":"page","link":"https:\/\/www.rivercityinnovations.ca\/fr\/actualites\/","title":{"rendered":"Actualit\u00e9s"},"content":{"rendered":"\t\t<div data-elementor-type=\"wp-page\" data-elementor-id=\"7550\" class=\"elementor elementor-7550 elementor-907\" data-elementor-settings=\"{&quot;ha_cmc_init_switcher&quot;:&quot;no&quot;}\" data-elementor-post-type=\"page\">\n\t\t\t\t\t\t<section class=\"elementor-section elementor-top-section elementor-element elementor-element-ac9c28f elementor-section-boxed elementor-section-height-default elementor-section-height-default\" data-id=\"ac9c28f\" data-element_type=\"section\" data-e-type=\"section\" data-settings=\"{&quot;_ha_eqh_enable&quot;:false}\">\n\t\t\t\t\t\t<div class=\"elementor-container elementor-column-gap-default\">\n\t\t\t\t\t<div class=\"elementor-column elementor-col-100 elementor-top-column elementor-element elementor-element-e9be00b\" data-id=\"e9be00b\" data-element_type=\"column\" data-e-type=\"column\">\n\t\t\t<div class=\"elementor-widget-wrap elementor-element-populated\">\n\t\t\t\t\t\t<section class=\"elementor-section elementor-inner-section elementor-element elementor-element-1eb0efc elementor-section-boxed elementor-section-height-default elementor-section-height-default\" data-id=\"1eb0efc\" data-element_type=\"section\" data-e-type=\"section\" data-settings=\"{&quot;_ha_eqh_enable&quot;:false}\">\n\t\t\t\t\t\t<div class=\"elementor-container elementor-column-gap-default\">\n\t\t\t\t\t<div class=\"elementor-column elementor-col-100 elementor-inner-column elementor-element elementor-element-0e357d0\" data-id=\"0e357d0\" data-element_type=\"column\" data-e-type=\"column\">\n\t\t\t<div class=\"elementor-widget-wrap elementor-element-populated\">\n\t\t\t\t\t\t<div class=\"elementor-element elementor-element-064069f elementor-widget elementor-widget-heading\" data-id=\"064069f\" data-element_type=\"widget\" data-e-type=\"widget\" data-widget_type=\"heading.default\">\n\t\t\t\t<div class=\"elementor-widget-container\">\n\t\t\t\t\t<h2 class=\"elementor-heading-title elementor-size-default\">RIVERCITY INNOVATIONS PROPOSE D\u00c9SORMAIS DES SOLUTIONS DE CHA\u00ceNE DU FROID AUX GRANDES MARQUES CANADIENNES SKIP EXPRESS LANE ET HEALTHY PLANET<\/h2>\t\t\t\t<\/div>\n\t\t\t\t<\/div>\n\t\t\t\t<div class=\"elementor-element elementor-element-545c72a elementor-widget__width-initial elementor-widget elementor-widget-text-editor\" data-id=\"545c72a\" data-element_type=\"widget\" data-e-type=\"widget\" data-widget_type=\"text-editor.default\">\n\t\t\t\t<div class=\"elementor-widget-container\">\n\t\t\t\t\t\t\t\t\t<p>(08 avril 2024) &#8211; Betakit<\/p>\t\t\t\t\t\t\t\t<\/div>\n\t\t\t\t<\/div>\n\t\t\t\t<div class=\"elementor-element elementor-element-a636b4a elementor-widget elementor-widget-text-editor\" data-id=\"a636b4a\" data-element_type=\"widget\" data-e-type=\"widget\" data-widget_type=\"text-editor.default\">\n\t\t\t\t<div class=\"elementor-widget-container\">\n\t\t\t\t\t\t\t\t\t<p>Healthy Planet, Skip Express Lane : derni\u00e8res \u00e9ditions pour une client\u00e8le couvrant les \u00c9tats-Unis, le Canada et l&rsquo;Espagne&#8230;<\/p>\t\t\t\t\t\t\t\t<\/div>\n\t\t\t\t<\/div>\n\t\t\t\t<div class=\"elementor-element elementor-element-34e45a2 elementor-widget elementor-widget-button\" data-id=\"34e45a2\" data-element_type=\"widget\" data-e-type=\"widget\" data-widget_type=\"button.default\">\n\t\t\t\t<div class=\"elementor-widget-container\">\n\t\t\t\t\t\t\t\t\t<div class=\"elementor-button-wrapper\">\n\t\t\t\t\t<a class=\"elementor-button elementor-button-link elementor-size-sm\" href=\"#\">\n\t\t\t\t\t\t<span class=\"elementor-button-content-wrapper\">\n\t\t\t\t\t\t\t\t\t<span class=\"elementor-button-text\">Lire la suite<\/span>\n\t\t\t\t\t<\/span>\n\t\t\t\t\t<\/a>\n\t\t\t\t<\/div>\n\t\t\t\t\t\t\t\t<\/div>\n\t\t\t\t<\/div>\n\t\t\t\t<div class=\"elementor-element elementor-element-b26db26 elementor-widget elementor-widget-button\" data-id=\"b26db26\" data-element_type=\"widget\" data-e-type=\"widget\" data-widget_type=\"button.default\">\n\t\t\t\t<div class=\"elementor-widget-container\">\n\t\t\t\t\t\t\t\t\t<div class=\"elementor-button-wrapper\">\n\t\t\t\t\t<a class=\"elementor-button elementor-button-link elementor-size-sm\" href=\"#\">\n\t\t\t\t\t\t<span class=\"elementor-button-content-wrapper\">\n\t\t\t\t\t\t\t\t\t<span class=\"elementor-button-text\">Communiqu\u00e9 de presse de Rivercity<\/span>\n\t\t\t\t\t<\/span>\n\t\t\t\t\t<\/a>\n\t\t\t\t<\/div>\n\t\t\t\t\t\t\t\t<\/div>\n\t\t\t\t<\/div>\n\t\t\t\t\t<\/div>\n\t\t<\/div>\n\t\t\t\t\t<\/div>\n\t\t<\/section>\n\t\t\t\t\t<\/div>\n\t\t<\/div>\n\t\t\t\t\t<\/div>\n\t\t<\/section>\n\t\t\t\t<section class=\"elementor-section elementor-top-section elementor-element elementor-element-0a7f20b elementor-section-boxed elementor-section-height-default elementor-section-height-default\" data-id=\"0a7f20b\" data-element_type=\"section\" data-e-type=\"section\" data-settings=\"{&quot;_ha_eqh_enable&quot;:false}\">\n\t\t\t\t\t\t<div class=\"elementor-container elementor-column-gap-default\">\n\t\t\t\t\t<div class=\"elementor-column elementor-col-100 elementor-top-column elementor-element elementor-element-97f3bb9\" data-id=\"97f3bb9\" data-element_type=\"column\" data-e-type=\"column\">\n\t\t\t<div class=\"elementor-widget-wrap\">\n\t\t\t\t\t\t\t<\/div>\n\t\t<\/div>\n\t\t\t\t\t<\/div>\n\t\t<\/section>\n\t\t\t\t<\/div>\n\t\t","protected":false},"excerpt":{"rendered":"<p>RIVERCITY INNOVATIONS PROPOSE D\u00c9SORMAIS DES SOLUTIONS DE CHA\u00ceNE DU FROID AUX GRANDES MARQUES CANADIENNES SKIP EXPRESS LANE ET HEALTHY PLANET (08 avril 2024) &#8211; Betakit Healthy Planet, Skip Express Lane : derni\u00e8res \u00e9ditions pour une client\u00e8le couvrant les \u00c9tats-Unis, le Canada et l&rsquo;Espagne&#8230; Lire la suite Communiqu\u00e9 de presse de Rivercity<\/p>\n","protected":false},"author":1,"featured_media":0,"parent":0,"menu_order":0,"comment_status":"closed","ping_status":"closed","template":"News.php","meta":{"_acf_changed":false,"footnotes":""},"class_list":["post-7550","page","type-page","status-publish","hentry"],"acf":[],"yoast_head":"<!-- This site is optimized with the Yoast SEO plugin v27.2 - https:\/\/yoast.com\/product\/yoast-seo-wordpress\/ -->\n<title>Actualit\u00e9s &#8226; Rivercity Innovations<\/title>\n<meta name=\"robots\" content=\"index, follow, max-snippet:-1, max-image-preview:large, max-video-preview:-1\" \/>\n<link rel=\"canonical\" href=\"https:\/\/www.rivercityinnovations.ca\/fr\/actualites\/\" \/>\n<meta property=\"og:locale\" content=\"fr_FR\" \/>\n<meta property=\"og:type\" content=\"article\" \/>\n<meta property=\"og:title\" content=\"Actualit\u00e9s &#8226; Rivercity Innovations\" \/>\n<meta property=\"og:description\" content=\"RIVERCITY INNOVATIONS PROPOSE D\u00c9SORMAIS DES SOLUTIONS DE CHA\u00ceNE DU FROID AUX GRANDES MARQUES CANADIENNES SKIP EXPRESS LANE ET HEALTHY PLANET (08 avril 2024) &#8211; Betakit Healthy Planet, Skip Express Lane : derni\u00e8res \u00e9ditions pour une client\u00e8le couvrant les \u00c9tats-Unis, le Canada et l&rsquo;Espagne&#8230; Lire la suite Communiqu\u00e9 de presse de Rivercity\" \/>\n<meta property=\"og:url\" content=\"https:\/\/www.rivercityinnovations.ca\/fr\/actualites\/\" \/>\n<meta property=\"og:site_name\" content=\"Rivercity Innovations\" \/>\n<meta property=\"article:modified_time\" content=\"2025-05-05T21:38:42+00:00\" \/>\n<meta name=\"twitter:card\" content=\"summary_large_image\" \/>\n<meta name=\"twitter:site\" content=\"@rivercity_ltd\" \/>\n<script type=\"application\/ld+json\" class=\"yoast-schema-graph\">{\"@context\":\"https:\/\/schema.org\",\"@graph\":[{\"@type\":\"WebPage\",\"@id\":\"https:\/\/www.rivercityinnovations.ca\/fr\/actualites\/\",\"url\":\"https:\/\/www.rivercityinnovations.ca\/fr\/actualites\/\",\"name\":\"Actualit\u00e9s &#8226; Rivercity Innovations\",\"isPartOf\":{\"@id\":\"https:\/\/www.rivercityinnovations.ca\/fr\/#website\"},\"datePublished\":\"2025-01-02T18:24:17+00:00\",\"dateModified\":\"2025-05-05T21:38:42+00:00\",\"breadcrumb\":{\"@id\":\"https:\/\/www.rivercityinnovations.ca\/fr\/actualites\/#breadcrumb\"},\"inLanguage\":\"fr-FR\",\"potentialAction\":[{\"@type\":\"ReadAction\",\"target\":[\"https:\/\/www.rivercityinnovations.ca\/fr\/actualites\/\"]}]},{\"@type\":\"BreadcrumbList\",\"@id\":\"https:\/\/www.rivercityinnovations.ca\/fr\/actualites\/#breadcrumb\",\"itemListElement\":[{\"@type\":\"ListItem\",\"position\":1,\"name\":\"Home\",\"item\":\"https:\/\/www.rivercityinnovations.ca\/fr\/\"},{\"@type\":\"ListItem\",\"position\":2,\"name\":\"Actualit\u00e9s\"}]},{\"@type\":\"WebSite\",\"@id\":\"https:\/\/www.rivercityinnovations.ca\/fr\/#website\",\"url\":\"https:\/\/www.rivercityinnovations.ca\/fr\/\",\"name\":\"Rivercity Innovations\",\"description\":\"Canadian Made Expert LoRa Solution Provider\",\"publisher\":{\"@id\":\"https:\/\/www.rivercityinnovations.ca\/fr\/#organization\"},\"alternateName\":\"Rivercity Innovations Ltd.\",\"potentialAction\":[{\"@type\":\"SearchAction\",\"target\":{\"@type\":\"EntryPoint\",\"urlTemplate\":\"https:\/\/www.rivercityinnovations.ca\/fr\/?s={search_term_string}\"},\"query-input\":{\"@type\":\"PropertyValueSpecification\",\"valueRequired\":true,\"valueName\":\"search_term_string\"}}],\"inLanguage\":\"fr-FR\"},{\"@type\":\"Organization\",\"@id\":\"https:\/\/www.rivercityinnovations.ca\/fr\/#organization\",\"name\":\"Rivercity Innovations\",\"alternateName\":\"Rivercity Innovations Ltd.\",\"url\":\"https:\/\/www.rivercityinnovations.ca\/fr\/\",\"logo\":{\"@type\":\"ImageObject\",\"inLanguage\":\"fr-FR\",\"@id\":\"https:\/\/www.rivercityinnovations.ca\/fr\/#\/schema\/logo\/image\/\",\"url\":\"https:\/\/www.rivercityinnovations.ca\/wp-content\/uploads\/2025\/01\/logo.png\",\"contentUrl\":\"https:\/\/www.rivercityinnovations.ca\/wp-content\/uploads\/2025\/01\/logo.png\",\"width\":227,\"height\":49,\"caption\":\"Rivercity Innovations\"},\"image\":{\"@id\":\"https:\/\/www.rivercityinnovations.ca\/fr\/#\/schema\/logo\/image\/\"},\"sameAs\":[\"https:\/\/x.com\/rivercity_ltd\",\"https:\/\/www.linkedin.com\/company\/rivercity-innovations\"]}]}<\/script>\n<!-- \/ Yoast SEO plugin. -->","yoast_head_json":{"title":"Actualit\u00e9s &#8226; Rivercity Innovations","robots":{"index":"index","follow":"follow","max-snippet":"max-snippet:-1","max-image-preview":"max-image-preview:large","max-video-preview":"max-video-preview:-1"},"canonical":"https:\/\/www.rivercityinnovations.ca\/fr\/actualites\/","og_locale":"fr_FR","og_type":"article","og_title":"Actualit\u00e9s &#8226; Rivercity Innovations","og_description":"RIVERCITY INNOVATIONS PROPOSE D\u00c9SORMAIS DES SOLUTIONS DE CHA\u00ceNE DU FROID AUX GRANDES MARQUES CANADIENNES SKIP EXPRESS LANE ET HEALTHY PLANET (08 avril 2024) &#8211; Betakit Healthy Planet, Skip Express Lane : derni\u00e8res \u00e9ditions pour une client\u00e8le couvrant les \u00c9tats-Unis, le Canada et l&rsquo;Espagne&#8230; Lire la suite Communiqu\u00e9 de presse de Rivercity","og_url":"https:\/\/www.rivercityinnovations.ca\/fr\/actualites\/","og_site_name":"Rivercity Innovations","article_modified_time":"2025-05-05T21:38:42+00:00","twitter_card":"summary_large_image","twitter_site":"@rivercity_ltd","schema":{"@context":"https:\/\/schema.org","@graph":[{"@type":"WebPage","@id":"https:\/\/www.rivercityinnovations.ca\/fr\/actualites\/","url":"https:\/\/www.rivercityinnovations.ca\/fr\/actualites\/","name":"Actualit\u00e9s &#8226; Rivercity Innovations","isPartOf":{"@id":"https:\/\/www.rivercityinnovations.ca\/fr\/#website"},"datePublished":"2025-01-02T18:24:17+00:00","dateModified":"2025-05-05T21:38:42+00:00","breadcrumb":{"@id":"https:\/\/www.rivercityinnovations.ca\/fr\/actualites\/#breadcrumb"},"inLanguage":"fr-FR","potentialAction":[{"@type":"ReadAction","target":["https:\/\/www.rivercityinnovations.ca\/fr\/actualites\/"]}]},{"@type":"BreadcrumbList","@id":"https:\/\/www.rivercityinnovations.ca\/fr\/actualites\/#breadcrumb","itemListElement":[{"@type":"ListItem","position":1,"name":"Home","item":"https:\/\/www.rivercityinnovations.ca\/fr\/"},{"@type":"ListItem","position":2,"name":"Actualit\u00e9s"}]},{"@type":"WebSite","@id":"https:\/\/www.rivercityinnovations.ca\/fr\/#website","url":"https:\/\/www.rivercityinnovations.ca\/fr\/","name":"Rivercity Innovations","description":"Canadian Made Expert LoRa Solution Provider","publisher":{"@id":"https:\/\/www.rivercityinnovations.ca\/fr\/#organization"},"alternateName":"Rivercity Innovations Ltd.","potentialAction":[{"@type":"SearchAction","target":{"@type":"EntryPoint","urlTemplate":"https:\/\/www.rivercityinnovations.ca\/fr\/?s={search_term_string}"},"query-input":{"@type":"PropertyValueSpecification","valueRequired":true,"valueName":"search_term_string"}}],"inLanguage":"fr-FR"},{"@type":"Organization","@id":"https:\/\/www.rivercityinnovations.ca\/fr\/#organization","name":"Rivercity Innovations","alternateName":"Rivercity Innovations Ltd.","url":"https:\/\/www.rivercityinnovations.ca\/fr\/","logo":{"@type":"ImageObject","inLanguage":"fr-FR","@id":"https:\/\/www.rivercityinnovations.ca\/fr\/#\/schema\/logo\/image\/","url":"https:\/\/www.rivercityinnovations.ca\/wp-content\/uploads\/2025\/01\/logo.png","contentUrl":"https:\/\/www.rivercityinnovations.ca\/wp-content\/uploads\/2025\/01\/logo.png","width":227,"height":49,"caption":"Rivercity Innovations"},"image":{"@id":"https:\/\/www.rivercityinnovations.ca\/fr\/#\/schema\/logo\/image\/"},"sameAs":["https:\/\/x.com\/rivercity_ltd","https:\/\/www.linkedin.com\/company\/rivercity-innovations"]}]}},"_links":{"self":[{"href":"https:\/\/www.rivercityinnovations.ca\/fr\/wp-json\/wp\/v2\/pages\/7550","targetHints":{"allow":["GET"]}}],"collection":[{"href":"https:\/\/www.rivercityinnovations.ca\/fr\/wp-json\/wp\/v2\/pages"}],"about":[{"href":"https:\/\/www.rivercityinnovations.ca\/fr\/wp-json\/wp\/v2\/types\/page"}],"author":[{"embeddable":true,"href":"https:\/\/www.rivercityinnovations.ca\/fr\/wp-json\/wp\/v2\/users\/1"}],"replies":[{"embeddable":true,"href":"https:\/\/www.rivercityinnovations.ca\/fr\/wp-json\/wp\/v2\/comments?post=7550"}],"version-history":[{"count":1,"href":"https:\/\/www.rivercityinnovations.ca\/fr\/wp-json\/wp\/v2\/pages\/7550\/revisions"}],"predecessor-version":[{"id":7552,"href":"https:\/\/www.rivercityinnovations.ca\/fr\/wp-json\/wp\/v2\/pages\/7550\/revisions\/7552"}],"wp:attachment":[{"href":"https:\/\/www.rivercityinnovations.ca\/fr\/wp-json\/wp\/v2\/media?parent=7550"}],"curies":[{"name":"wp","href":"https:\/\/api.w.org\/{rel}","templated":true}]}}