{"id":7539,"date":"2025-01-02T04:27:27","date_gmt":"2025-01-02T10:27:27","guid":{"rendered":"https:\/\/www.rivercityinnovations.ca\/politique-en-matiere-de-cookies\/"},"modified":"2026-03-17T11:20:03","modified_gmt":"2026-03-17T17:20:03","slug":"politique-en-matiere-de-cookies","status":"publish","type":"page","link":"https:\/\/www.rivercityinnovations.ca\/fr\/politique-en-matiere-de-cookies\/","title":{"rendered":"Politique en mati\u00e8re de cookies"},"content":{"rendered":"\t\t<div data-elementor-type=\"wp-page\" data-elementor-id=\"7539\" class=\"elementor elementor-7539 elementor-485\" data-elementor-settings=\"{&quot;ha_cmc_init_switcher&quot;:&quot;no&quot;}\" data-elementor-post-type=\"page\">\n\t\t\t\t\t\t<section class=\"elementor-section elementor-top-section elementor-element elementor-element-dfedf4f cookie_page elementor-section-boxed elementor-section-height-default elementor-section-height-default\" data-id=\"dfedf4f\" data-element_type=\"section\" data-e-type=\"section\" data-settings=\"{&quot;_ha_eqh_enable&quot;:false}\">\n\t\t\t\t\t\t<div class=\"elementor-container elementor-column-gap-default\">\n\t\t\t\t\t<div class=\"elementor-column elementor-col-100 elementor-top-column elementor-element elementor-element-5ae63e9\" data-id=\"5ae63e9\" data-element_type=\"column\" data-e-type=\"column\">\n\t\t\t<div class=\"elementor-widget-wrap elementor-element-populated\">\n\t\t\t\t\t\t<section class=\"elementor-section elementor-inner-section elementor-element elementor-element-aa1139c elementor-section-boxed elementor-section-height-default elementor-section-height-default\" data-id=\"aa1139c\" data-element_type=\"section\" data-e-type=\"section\" data-settings=\"{&quot;_ha_eqh_enable&quot;:false}\">\n\t\t\t\t\t\t<div class=\"elementor-container elementor-column-gap-default\">\n\t\t\t\t\t<div class=\"elementor-column elementor-col-100 elementor-inner-column elementor-element elementor-element-453eb60\" data-id=\"453eb60\" data-element_type=\"column\" data-e-type=\"column\">\n\t\t\t<div class=\"elementor-widget-wrap elementor-element-populated\">\n\t\t\t\t\t\t<div class=\"elementor-element elementor-element-d11926a elementor-widget elementor-widget-text-editor\" data-id=\"d11926a\" data-element_type=\"widget\" data-e-type=\"widget\" data-widget_type=\"text-editor.default\">\n\t\t\t\t<div class=\"elementor-widget-container\">\n\t\t\t\t\t\t\t\t\t<p><em>Cette politique en mati\u00e8re de cookies a \u00e9t\u00e9 mise \u00e0 jour pour la derni\u00e8re fois le 2022 janvier 26 et s&rsquo;applique aux citoyens et aux r\u00e9sidents permanents l\u00e9gaux de l&rsquo;Espace \u00e9conomique europ\u00e9en.<\/em><\/p>\t\t\t\t\t\t\t\t<\/div>\n\t\t\t\t<\/div>\n\t\t\t\t<div class=\"elementor-element elementor-element-292b43b elementor-widget elementor-widget-heading\" data-id=\"292b43b\" data-element_type=\"widget\" data-e-type=\"widget\" data-widget_type=\"heading.default\">\n\t\t\t\t<div class=\"elementor-widget-container\">\n\t\t\t\t\t<h2 class=\"elementor-heading-title elementor-size-default\">Introduction<\/h2>\t\t\t\t<\/div>\n\t\t\t\t<\/div>\n\t\t\t\t<div class=\"elementor-element elementor-element-0213f2e text_break elementor-widget elementor-widget-text-editor\" data-id=\"0213f2e\" data-element_type=\"widget\" data-e-type=\"widget\" data-widget_type=\"text-editor.default\">\n\t\t\t\t<div class=\"elementor-widget-container\">\n\t\t\t\t\t\t\t\t\t<p>Notre site web,&nbsp;<a href=\"https:\/\/www.rivercityinnovations.ca\/fr\/\" class=\"break_word\">https:\/\/www.rivercityinnovations.ca<\/a> (ci-apr\u00e8s : \u00ab\u00a0le site web\u00a0\u00bb) utilise des cookies et d&rsquo;autres technologies connexes (par commodit\u00e9, toutes les technologies sont d\u00e9sign\u00e9es par le terme \u00ab\u00a0cookies\u00a0\u00bb). Dans le document ci-dessous, nous vous informons sur l&rsquo;utilisation des cookies sur notre site web. <\/p>\t\t\t\t\t\t\t\t<\/div>\n\t\t\t\t<\/div>\n\t\t\t\t<div class=\"elementor-element elementor-element-de8d1a9 elementor-widget elementor-widget-heading\" data-id=\"de8d1a9\" data-element_type=\"widget\" data-e-type=\"widget\" data-widget_type=\"heading.default\">\n\t\t\t\t<div class=\"elementor-widget-container\">\n\t\t\t\t\t<h2 class=\"elementor-heading-title elementor-size-default\">Qu'est-ce qu'un cookie ?<\/h2>\t\t\t\t<\/div>\n\t\t\t\t<\/div>\n\t\t\t\t<div class=\"elementor-element elementor-element-df2e6c8 elementor-widget elementor-widget-text-editor\" data-id=\"df2e6c8\" data-element_type=\"widget\" data-e-type=\"widget\" data-widget_type=\"text-editor.default\">\n\t\t\t\t<div class=\"elementor-widget-container\">\n\t\t\t\t\t\t\t\t\t<p>Un cookie est un petit fichier simple qui est envoy\u00e9 avec les pages de ce site web et stock\u00e9 par votre navigateur sur le disque dur de votre ordinateur ou d&rsquo;un autre appareil. Les informations qui y sont stock\u00e9es peuvent \u00eatre renvoy\u00e9es \u00e0 nos serveurs ou aux serveurs des tiers concern\u00e9s lors d&rsquo;une visite ult\u00e9rieure. <\/p>\t\t\t\t\t\t\t\t<\/div>\n\t\t\t\t<\/div>\n\t\t\t\t<div class=\"elementor-element elementor-element-e688249 elementor-widget elementor-widget-heading\" data-id=\"e688249\" data-element_type=\"widget\" data-e-type=\"widget\" data-widget_type=\"heading.default\">\n\t\t\t\t<div class=\"elementor-widget-container\">\n\t\t\t\t\t<h2 class=\"elementor-heading-title elementor-size-default\">Qu'est-ce qu'un script ?<\/h2>\t\t\t\t<\/div>\n\t\t\t\t<\/div>\n\t\t\t\t<div class=\"elementor-element elementor-element-84b1462 elementor-widget elementor-widget-text-editor\" data-id=\"84b1462\" data-element_type=\"widget\" data-e-type=\"widget\" data-widget_type=\"text-editor.default\">\n\t\t\t\t<div class=\"elementor-widget-container\">\n\t\t\t\t\t\t\t\t\t<p>Un script est un morceau de code de programme qui est utilis\u00e9 pour faire fonctionner notre site web correctement et de mani\u00e8re interactive. Ce code est ex\u00e9cut\u00e9 sur notre serveur ou sur votre appareil. <\/p>\t\t\t\t\t\t\t\t<\/div>\n\t\t\t\t<\/div>\n\t\t\t\t<div class=\"elementor-element elementor-element-8f57c64 elementor-widget elementor-widget-heading\" data-id=\"8f57c64\" data-element_type=\"widget\" data-e-type=\"widget\" data-widget_type=\"heading.default\">\n\t\t\t\t<div class=\"elementor-widget-container\">\n\t\t\t\t\t<h2 class=\"elementor-heading-title elementor-size-default\">Qu'est-ce qu'un script ?<\/h2>\t\t\t\t<\/div>\n\t\t\t\t<\/div>\n\t\t\t\t<div class=\"elementor-element elementor-element-5a097c2 elementor-widget elementor-widget-text-editor\" data-id=\"5a097c2\" data-element_type=\"widget\" data-e-type=\"widget\" data-widget_type=\"text-editor.default\">\n\t\t\t\t<div class=\"elementor-widget-container\">\n\t\t\t\t\t\t\t\t\t<p>Un script est un morceau de code de programme qui est utilis\u00e9 pour faire fonctionner notre site web correctement et de mani\u00e8re interactive. Ce code est ex\u00e9cut\u00e9 sur notre serveur ou sur votre appareil. <\/p>\t\t\t\t\t\t\t\t<\/div>\n\t\t\t\t<\/div>\n\t\t\t\t<div class=\"elementor-element elementor-element-cef5025 elementor-widget elementor-widget-heading\" data-id=\"cef5025\" data-element_type=\"widget\" data-e-type=\"widget\" data-widget_type=\"heading.default\">\n\t\t\t\t<div class=\"elementor-widget-container\">\n\t\t\t\t\t<h2 class=\"elementor-heading-title elementor-size-default\">Qu'est-ce qu'une balise web ?<\/h2>\t\t\t\t<\/div>\n\t\t\t\t<\/div>\n\t\t\t\t<div class=\"elementor-element elementor-element-09c6818 elementor-widget elementor-widget-text-editor\" data-id=\"09c6818\" data-element_type=\"widget\" data-e-type=\"widget\" data-widget_type=\"text-editor.default\">\n\t\t\t\t<div class=\"elementor-widget-container\">\n\t\t\t\t\t\t\t\t\t<p>Une balise web (ou pixel tag) est un petit \u00e9l\u00e9ment invisible de texte ou d&rsquo;image sur un site web qui est utilis\u00e9 pour surveiller le trafic sur un site web. Pour ce faire, diverses donn\u00e9es vous concernant sont stock\u00e9es \u00e0 l&rsquo;aide de balises web. <\/p>\t\t\t\t\t\t\t\t<\/div>\n\t\t\t\t<\/div>\n\t\t\t\t<div class=\"elementor-element elementor-element-034294d elementor-widget elementor-widget-heading\" data-id=\"034294d\" data-element_type=\"widget\" data-e-type=\"widget\" data-widget_type=\"heading.default\">\n\t\t\t\t<div class=\"elementor-widget-container\">\n\t\t\t\t\t<h2 class=\"elementor-heading-title elementor-size-default\">Cookies<\/h2>\t\t\t\t<\/div>\n\t\t\t\t<\/div>\n\t\t\t\t<div class=\"elementor-element elementor-element-cb29b7d elementor-widget elementor-widget-text-editor\" data-id=\"cb29b7d\" data-element_type=\"widget\" data-e-type=\"widget\" data-widget_type=\"text-editor.default\">\n\t\t\t\t<div class=\"elementor-widget-container\">\n\t\t\t\t\t\t\t\t\t<h4>Cookies fonctionnels<\/h4><p>Certains cookies permettent de garantir le bon fonctionnement de certaines parties du site web et de conserver vos pr\u00e9f\u00e9rences d&rsquo;utilisateur. En pla\u00e7ant des cookies fonctionnels, nous facilitons votre visite sur notre site web. Ainsi, vous n&rsquo;avez pas besoin de saisir plusieurs fois les m\u00eames informations lorsque vous visitez notre site web. Nous pouvons placer ces cookies sans votre consentement.   <\/p><h4>Cookies d&rsquo;analyse et de performance<\/h4><p>Les cookies analytiques sont utilis\u00e9s pour comprendre comment les visiteurs interagissent avec le site web. Ces cookies fournissent des informations sur le nombre de visiteurs, le taux de rebond, la source du trafic, etc. <\/p><p>Les cookies de performance sont utilis\u00e9s pour comprendre et analyser les principaux indices de performance du site web, ce qui permet d&rsquo;offrir une meilleure exp\u00e9rience utilisateur aux visiteurs.<\/p><h4>Cookies publicitaires<\/h4><p>Les cookies publicitaires sont utilis\u00e9s pour fournir aux visiteurs des publicit\u00e9s et des campagnes de marketing pertinentes. Ces cookies suivent les visiteurs \u00e0 travers les sites web et collectent des informations pour fournir des publicit\u00e9s personnalis\u00e9es. <\/p>\t\t\t\t\t\t\t\t<\/div>\n\t\t\t\t<\/div>\n\t\t\t\t<div class=\"elementor-element elementor-element-51ee1a5 elementor-widget elementor-widget-heading\" data-id=\"51ee1a5\" data-element_type=\"widget\" data-e-type=\"widget\" data-widget_type=\"heading.default\">\n\t\t\t\t<div class=\"elementor-widget-container\">\n\t\t\t\t\t<h2 class=\"elementor-heading-title elementor-size-default\">Consentement<\/h2>\t\t\t\t<\/div>\n\t\t\t\t<\/div>\n\t\t\t\t<div class=\"elementor-element elementor-element-a700cac elementor-widget elementor-widget-text-editor\" data-id=\"a700cac\" data-element_type=\"widget\" data-e-type=\"widget\" data-widget_type=\"text-editor.default\">\n\t\t\t\t<div class=\"elementor-widget-container\">\n\t\t\t\t\t\t\t\t\t<p>Vous disposez des droits suivants en ce qui concerne vos donn\u00e9es personnelles :<\/p>\t\t\t\t\t\t\t\t<\/div>\n\t\t\t\t<\/div>\n\t\t\t\t<div class=\"elementor-element elementor-element-95f3559 elementor-widget elementor-widget-text-editor\" data-id=\"95f3559\" data-element_type=\"widget\" data-e-type=\"widget\" data-widget_type=\"text-editor.default\">\n\t\t\t\t<div class=\"elementor-widget-container\">\n\t\t\t\t\t\t\t\t\t<ul>\n \t<li>Vous avez le droit de savoir pourquoi vos donn\u00e9es personnelles sont n\u00e9cessaires, ce qu&rsquo;il en adviendra et combien de temps elles seront conserv\u00e9es.<\/li>\n \t<li>Droit d&rsquo;acc\u00e8s : Vous avez le droit d&rsquo;acc\u00e9der \u00e0 vos donn\u00e9es personnelles dont nous avons connaissance.<\/li>\n \t<li>Droit de rectification : vous avez le droit de compl\u00e9ter, de corriger, de faire supprimer ou de bloquer vos donn\u00e9es personnelles quand vous le souhaitez.<\/li>\n \t<li>Si vous nous donnez votre consentement pour traiter vos donn\u00e9es, vous avez le droit de r\u00e9voquer ce consentement et de faire effacer vos donn\u00e9es personnelles.<\/li>\n \t<li>Droit de transf\u00e9rer vos donn\u00e9es : vous avez le droit de demander au responsable du traitement l&rsquo;ensemble de vos donn\u00e9es \u00e0 caract\u00e8re personnel et de les transf\u00e9rer dans leur int\u00e9gralit\u00e9 \u00e0 un autre responsable du traitement.<\/li>\n \t<li>Droit d&rsquo;opposition : vous pouvez vous opposer au traitement de vos donn\u00e9es. Nous nous y conformons, \u00e0 moins qu&rsquo;il n&rsquo;existe des motifs justifi\u00e9s pour le traitement. <\/li>\n<\/ul>\t\t\t\t\t\t\t\t<\/div>\n\t\t\t\t<\/div>\n\t\t\t\t<div class=\"elementor-element elementor-element-8e13853 elementor-widget elementor-widget-text-editor\" data-id=\"8e13853\" data-element_type=\"widget\" data-e-type=\"widget\" data-widget_type=\"text-editor.default\">\n\t\t\t\t<div class=\"elementor-widget-container\">\n\t\t\t\t\t\t\t\t\t<p>Pour exercer ces droits, veuillez nous contacter. Veuillez vous r\u00e9f\u00e9rer aux coordonn\u00e9es figurant au bas de la pr\u00e9sente politique en mati\u00e8re de cookies. Si vous avez une r\u00e9clamation concernant la mani\u00e8re dont nous traitons vos donn\u00e9es, nous aimerions l&rsquo;entendre, mais vous avez \u00e9galement le droit de soumettre une r\u00e9clamation \u00e0 l&rsquo;autorit\u00e9 de contr\u00f4le (l&rsquo;Autorit\u00e9 de protection des donn\u00e9es).  <\/p>\t\t\t\t\t\t\t\t<\/div>\n\t\t\t\t<\/div>\n\t\t\t\t<div class=\"elementor-element elementor-element-a9739e4 elementor-widget elementor-widget-heading\" data-id=\"a9739e4\" data-element_type=\"widget\" data-e-type=\"widget\" data-widget_type=\"heading.default\">\n\t\t\t\t<div class=\"elementor-widget-container\">\n\t\t\t\t\t<h2 class=\"elementor-heading-title elementor-size-default\">Activation\/d\u00e9sactivation et suppression des cookies<\/h2>\t\t\t\t<\/div>\n\t\t\t\t<\/div>\n\t\t\t\t<div class=\"elementor-element elementor-element-c0aed1b elementor-widget elementor-widget-text-editor\" data-id=\"c0aed1b\" data-element_type=\"widget\" data-e-type=\"widget\" data-widget_type=\"text-editor.default\">\n\t\t\t\t<div class=\"elementor-widget-container\">\n\t\t\t\t\t\t\t\t\t<p>Vous pouvez utiliser votre navigateur Internet pour supprimer automatiquement ou manuellement les cookies. Vous pouvez \u00e9galement sp\u00e9cifier que certains cookies ne doivent pas \u00eatre plac\u00e9s. Vous pouvez \u00e9galement modifier les param\u00e8tres de votre navigateur Internet de mani\u00e8re \u00e0 recevoir un message chaque fois qu&rsquo;un cookie est plac\u00e9. Pour plus d&rsquo;informations sur ces options, veuillez vous r\u00e9f\u00e9rer aux instructions de la section d&rsquo;aide de votre navigateur.   <\/p><p>Veuillez noter que notre site web peut ne pas fonctionner correctement si tous les cookies sont d\u00e9sactiv\u00e9s. Si vous supprimez les cookies dans votre navigateur, ils seront \u00e0 nouveau plac\u00e9s apr\u00e8s votre consentement lorsque vous visiterez \u00e0 nouveau nos sites web. <\/p>\t\t\t\t\t\t\t\t<\/div>\n\t\t\t\t<\/div>\n\t\t\t\t<div class=\"elementor-element elementor-element-69a6e76 elementor-widget elementor-widget-heading\" data-id=\"69a6e76\" data-element_type=\"widget\" data-e-type=\"widget\" data-widget_type=\"heading.default\">\n\t\t\t\t<div class=\"elementor-widget-container\">\n\t\t\t\t\t<h2 class=\"elementor-heading-title elementor-size-default\">Coordonn\u00e9es de la personne \u00e0 contacter<\/h2>\t\t\t\t<\/div>\n\t\t\t\t<\/div>\n\t\t\t\t<div class=\"elementor-element elementor-element-dc4813b elementor-widget elementor-widget-text-editor\" data-id=\"dc4813b\" data-element_type=\"widget\" data-e-type=\"widget\" data-widget_type=\"text-editor.default\">\n\t\t\t\t<div class=\"elementor-widget-container\">\n\t\t\t\t\t\t\t\t\tPour toute question et\/ou commentaire concernant notre politique en mati\u00e8re de cookies et la pr\u00e9sente d\u00e9claration, veuillez nous contacter en utilisant les coordonn\u00e9es suivantes :\n\nEnvoyez-nous un courriel \u00e0 l&rsquo;adresse suivante : <a class=\"break_word\" href=\"mailto:support@rivercityinnovations.ca%20\">support@rivercityinnovations.ca <\/a>\n\nAppelez-nous : <a href=\"tel:3069868888\">(306)-986-8888<\/a>\n\n\u00c9crivez-nous \u00e0 l&rsquo;adresse suivante #201-116 Research Drive, Saskatoon, SK, S7N 3R3\t\t\t\t\t\t\t\t<\/div>\n\t\t\t\t<\/div>\n\t\t\t\t\t<\/div>\n\t\t<\/div>\n\t\t\t\t\t<\/div>\n\t\t<\/section>\n\t\t\t\t\t<\/div>\n\t\t<\/div>\n\t\t\t\t\t<\/div>\n\t\t<\/section>\n\t\t\t\t<\/div>\n\t\t","protected":false},"excerpt":{"rendered":"<p>Cette politique en mati\u00e8re de cookies a \u00e9t\u00e9 mise \u00e0 jour pour la derni\u00e8re fois le 2022 janvier 26 et s&rsquo;applique aux citoyens et aux r\u00e9sidents permanents l\u00e9gaux de l&rsquo;Espace \u00e9conomique europ\u00e9en. Introduction Notre site web,&nbsp;https:\/\/www.rivercityinnovations.ca (ci-apr\u00e8s : \u00ab\u00a0le site web\u00a0\u00bb) utilise des cookies et d&rsquo;autres technologies connexes (par commodit\u00e9, toutes les technologies sont d\u00e9sign\u00e9es <a href=\"https:\/\/www.rivercityinnovations.ca\/fr\/politique-en-matiere-de-cookies\/\" class=\"more-link\">&#8230;<span class=\"screen-reader-text\">  Politique en mati\u00e8re de cookies<\/span><\/a><\/p>\n","protected":false},"author":1,"featured_media":0,"parent":0,"menu_order":530,"comment_status":"closed","ping_status":"closed","template":"","meta":{"_acf_changed":false,"footnotes":""},"class_list":["post-7539","page","type-page","status-publish","hentry"],"acf":[],"yoast_head":"<!-- This site is optimized with the Yoast SEO plugin v27.2 - https:\/\/yoast.com\/product\/yoast-seo-wordpress\/ -->\n<title>Politique en mati\u00e8re de cookies &#8226; Rivercity Innovations<\/title>\n<meta name=\"robots\" content=\"index, nofollow, max-snippet:-1, max-image-preview:large, max-video-preview:-1\" \/>\n<link rel=\"canonical\" href=\"https:\/\/www.rivercityinnovations.ca\/fr\/politique-en-matiere-de-cookies\/\" \/>\n<meta property=\"og:locale\" content=\"fr_FR\" \/>\n<meta property=\"og:type\" content=\"article\" \/>\n<meta property=\"og:title\" content=\"Politique en mati\u00e8re de cookies &#8226; Rivercity Innovations\" \/>\n<meta property=\"og:description\" content=\"Cette politique en mati\u00e8re de cookies a \u00e9t\u00e9 mise \u00e0 jour pour la derni\u00e8re fois le 2022 janvier 26 et s&rsquo;applique aux citoyens et aux r\u00e9sidents permanents l\u00e9gaux de l&rsquo;Espace \u00e9conomique europ\u00e9en. Introduction Notre site web,&nbsp;https:\/\/www.rivercityinnovations.ca (ci-apr\u00e8s : \u00ab\u00a0le site web\u00a0\u00bb) utilise des cookies et d&rsquo;autres technologies connexes (par commodit\u00e9, toutes les technologies sont d\u00e9sign\u00e9es ... Politique en mati\u00e8re de cookies\" \/>\n<meta property=\"og:url\" content=\"https:\/\/www.rivercityinnovations.ca\/fr\/politique-en-matiere-de-cookies\/\" \/>\n<meta property=\"og:site_name\" content=\"Rivercity Innovations\" \/>\n<meta property=\"article:modified_time\" content=\"2026-03-17T17:20:03+00:00\" \/>\n<meta name=\"twitter:card\" content=\"summary_large_image\" \/>\n<meta name=\"twitter:site\" content=\"@rivercity_ltd\" \/>\n<meta name=\"twitter:label1\" content=\"Dur\u00e9e de lecture estim\u00e9e\" \/>\n\t<meta name=\"twitter:data1\" content=\"4 minutes\" \/>\n<script type=\"application\/ld+json\" class=\"yoast-schema-graph\">{\"@context\":\"https:\/\/schema.org\",\"@graph\":[{\"@type\":\"WebPage\",\"@id\":\"https:\/\/www.rivercityinnovations.ca\/fr\/politique-en-matiere-de-cookies\/\",\"url\":\"https:\/\/www.rivercityinnovations.ca\/fr\/politique-en-matiere-de-cookies\/\",\"name\":\"Politique en mati\u00e8re de cookies &#8226; Rivercity Innovations\",\"isPartOf\":{\"@id\":\"https:\/\/www.rivercityinnovations.ca\/fr\/#website\"},\"datePublished\":\"2025-01-02T10:27:27+00:00\",\"dateModified\":\"2026-03-17T17:20:03+00:00\",\"breadcrumb\":{\"@id\":\"https:\/\/www.rivercityinnovations.ca\/fr\/politique-en-matiere-de-cookies\/#breadcrumb\"},\"inLanguage\":\"fr-FR\",\"potentialAction\":[{\"@type\":\"ReadAction\",\"target\":[\"https:\/\/www.rivercityinnovations.ca\/fr\/politique-en-matiere-de-cookies\/\"]}]},{\"@type\":\"BreadcrumbList\",\"@id\":\"https:\/\/www.rivercityinnovations.ca\/fr\/politique-en-matiere-de-cookies\/#breadcrumb\",\"itemListElement\":[{\"@type\":\"ListItem\",\"position\":1,\"name\":\"Home\",\"item\":\"https:\/\/www.rivercityinnovations.ca\/fr\/\"},{\"@type\":\"ListItem\",\"position\":2,\"name\":\"Politique en mati\u00e8re de cookies\"}]},{\"@type\":\"WebSite\",\"@id\":\"https:\/\/www.rivercityinnovations.ca\/fr\/#website\",\"url\":\"https:\/\/www.rivercityinnovations.ca\/fr\/\",\"name\":\"Rivercity Innovations\",\"description\":\"Canadian Made Expert LoRa Solution Provider\",\"publisher\":{\"@id\":\"https:\/\/www.rivercityinnovations.ca\/fr\/#organization\"},\"alternateName\":\"Rivercity Innovations Ltd.\",\"potentialAction\":[{\"@type\":\"SearchAction\",\"target\":{\"@type\":\"EntryPoint\",\"urlTemplate\":\"https:\/\/www.rivercityinnovations.ca\/fr\/?s={search_term_string}\"},\"query-input\":{\"@type\":\"PropertyValueSpecification\",\"valueRequired\":true,\"valueName\":\"search_term_string\"}}],\"inLanguage\":\"fr-FR\"},{\"@type\":\"Organization\",\"@id\":\"https:\/\/www.rivercityinnovations.ca\/fr\/#organization\",\"name\":\"Rivercity Innovations\",\"alternateName\":\"Rivercity Innovations Ltd.\",\"url\":\"https:\/\/www.rivercityinnovations.ca\/fr\/\",\"logo\":{\"@type\":\"ImageObject\",\"inLanguage\":\"fr-FR\",\"@id\":\"https:\/\/www.rivercityinnovations.ca\/fr\/#\/schema\/logo\/image\/\",\"url\":\"https:\/\/www.rivercityinnovations.ca\/wp-content\/uploads\/2025\/01\/logo.png\",\"contentUrl\":\"https:\/\/www.rivercityinnovations.ca\/wp-content\/uploads\/2025\/01\/logo.png\",\"width\":227,\"height\":49,\"caption\":\"Rivercity Innovations\"},\"image\":{\"@id\":\"https:\/\/www.rivercityinnovations.ca\/fr\/#\/schema\/logo\/image\/\"},\"sameAs\":[\"https:\/\/x.com\/rivercity_ltd\",\"https:\/\/www.linkedin.com\/company\/rivercity-innovations\"]}]}<\/script>\n<!-- \/ Yoast SEO plugin. -->","yoast_head_json":{"title":"Politique en mati\u00e8re de cookies &#8226; Rivercity Innovations","robots":{"index":"index","follow":"nofollow","max-snippet":"max-snippet:-1","max-image-preview":"max-image-preview:large","max-video-preview":"max-video-preview:-1"},"canonical":"https:\/\/www.rivercityinnovations.ca\/fr\/politique-en-matiere-de-cookies\/","og_locale":"fr_FR","og_type":"article","og_title":"Politique en mati\u00e8re de cookies &#8226; Rivercity Innovations","og_description":"Cette politique en mati\u00e8re de cookies a \u00e9t\u00e9 mise \u00e0 jour pour la derni\u00e8re fois le 2022 janvier 26 et s&rsquo;applique aux citoyens et aux r\u00e9sidents permanents l\u00e9gaux de l&rsquo;Espace \u00e9conomique europ\u00e9en. Introduction Notre site web,&nbsp;https:\/\/www.rivercityinnovations.ca (ci-apr\u00e8s : \u00ab\u00a0le site web\u00a0\u00bb) utilise des cookies et d&rsquo;autres technologies connexes (par commodit\u00e9, toutes les technologies sont d\u00e9sign\u00e9es ... Politique en mati\u00e8re de cookies","og_url":"https:\/\/www.rivercityinnovations.ca\/fr\/politique-en-matiere-de-cookies\/","og_site_name":"Rivercity Innovations","article_modified_time":"2026-03-17T17:20:03+00:00","twitter_card":"summary_large_image","twitter_site":"@rivercity_ltd","twitter_misc":{"Dur\u00e9e de lecture estim\u00e9e":"4 minutes"},"schema":{"@context":"https:\/\/schema.org","@graph":[{"@type":"WebPage","@id":"https:\/\/www.rivercityinnovations.ca\/fr\/politique-en-matiere-de-cookies\/","url":"https:\/\/www.rivercityinnovations.ca\/fr\/politique-en-matiere-de-cookies\/","name":"Politique en mati\u00e8re de cookies &#8226; Rivercity Innovations","isPartOf":{"@id":"https:\/\/www.rivercityinnovations.ca\/fr\/#website"},"datePublished":"2025-01-02T10:27:27+00:00","dateModified":"2026-03-17T17:20:03+00:00","breadcrumb":{"@id":"https:\/\/www.rivercityinnovations.ca\/fr\/politique-en-matiere-de-cookies\/#breadcrumb"},"inLanguage":"fr-FR","potentialAction":[{"@type":"ReadAction","target":["https:\/\/www.rivercityinnovations.ca\/fr\/politique-en-matiere-de-cookies\/"]}]},{"@type":"BreadcrumbList","@id":"https:\/\/www.rivercityinnovations.ca\/fr\/politique-en-matiere-de-cookies\/#breadcrumb","itemListElement":[{"@type":"ListItem","position":1,"name":"Home","item":"https:\/\/www.rivercityinnovations.ca\/fr\/"},{"@type":"ListItem","position":2,"name":"Politique en mati\u00e8re de cookies"}]},{"@type":"WebSite","@id":"https:\/\/www.rivercityinnovations.ca\/fr\/#website","url":"https:\/\/www.rivercityinnovations.ca\/fr\/","name":"Rivercity Innovations","description":"Canadian Made Expert LoRa Solution Provider","publisher":{"@id":"https:\/\/www.rivercityinnovations.ca\/fr\/#organization"},"alternateName":"Rivercity Innovations Ltd.","potentialAction":[{"@type":"SearchAction","target":{"@type":"EntryPoint","urlTemplate":"https:\/\/www.rivercityinnovations.ca\/fr\/?s={search_term_string}"},"query-input":{"@type":"PropertyValueSpecification","valueRequired":true,"valueName":"search_term_string"}}],"inLanguage":"fr-FR"},{"@type":"Organization","@id":"https:\/\/www.rivercityinnovations.ca\/fr\/#organization","name":"Rivercity Innovations","alternateName":"Rivercity Innovations Ltd.","url":"https:\/\/www.rivercityinnovations.ca\/fr\/","logo":{"@type":"ImageObject","inLanguage":"fr-FR","@id":"https:\/\/www.rivercityinnovations.ca\/fr\/#\/schema\/logo\/image\/","url":"https:\/\/www.rivercityinnovations.ca\/wp-content\/uploads\/2025\/01\/logo.png","contentUrl":"https:\/\/www.rivercityinnovations.ca\/wp-content\/uploads\/2025\/01\/logo.png","width":227,"height":49,"caption":"Rivercity Innovations"},"image":{"@id":"https:\/\/www.rivercityinnovations.ca\/fr\/#\/schema\/logo\/image\/"},"sameAs":["https:\/\/x.com\/rivercity_ltd","https:\/\/www.linkedin.com\/company\/rivercity-innovations"]}]}},"_links":{"self":[{"href":"https:\/\/www.rivercityinnovations.ca\/fr\/wp-json\/wp\/v2\/pages\/7539","targetHints":{"allow":["GET"]}}],"collection":[{"href":"https:\/\/www.rivercityinnovations.ca\/fr\/wp-json\/wp\/v2\/pages"}],"about":[{"href":"https:\/\/www.rivercityinnovations.ca\/fr\/wp-json\/wp\/v2\/types\/page"}],"author":[{"embeddable":true,"href":"https:\/\/www.rivercityinnovations.ca\/fr\/wp-json\/wp\/v2\/users\/1"}],"replies":[{"embeddable":true,"href":"https:\/\/www.rivercityinnovations.ca\/fr\/wp-json\/wp\/v2\/comments?post=7539"}],"version-history":[{"count":4,"href":"https:\/\/www.rivercityinnovations.ca\/fr\/wp-json\/wp\/v2\/pages\/7539\/revisions"}],"predecessor-version":[{"id":9694,"href":"https:\/\/www.rivercityinnovations.ca\/fr\/wp-json\/wp\/v2\/pages\/7539\/revisions\/9694"}],"wp:attachment":[{"href":"https:\/\/www.rivercityinnovations.ca\/fr\/wp-json\/wp\/v2\/media?parent=7539"}],"curies":[{"name":"wp","href":"https:\/\/api.w.org\/{rel}","templated":true}]}}