{"id":7530,"date":"2025-01-01T12:24:17","date_gmt":"2025-01-01T18:24:17","guid":{"rendered":"https:\/\/www.rivercityinnovations.ca\/avis-juridique\/"},"modified":"2025-05-05T15:38:38","modified_gmt":"2025-05-05T21:38:38","slug":"avis-juridique","status":"publish","type":"page","link":"https:\/\/www.rivercityinnovations.ca\/fr\/avis-juridique\/","title":{"rendered":"Avis juridique"},"content":{"rendered":"\t\t<div data-elementor-type=\"wp-page\" data-elementor-id=\"7530\" class=\"elementor elementor-7530 elementor-454\" data-elementor-settings=\"{&quot;ha_cmc_init_switcher&quot;:&quot;no&quot;}\" data-elementor-post-type=\"page\">\n\t\t\t\t\t\t<section class=\"elementor-section elementor-top-section elementor-element elementor-element-4ddae68 elementor-section-boxed elementor-section-height-default elementor-section-height-default\" data-id=\"4ddae68\" data-element_type=\"section\" data-e-type=\"section\" data-settings=\"{&quot;_ha_eqh_enable&quot;:false}\">\n\t\t\t\t\t\t<div class=\"elementor-container elementor-column-gap-default\">\n\t\t\t\t\t<div class=\"elementor-column elementor-col-100 elementor-top-column elementor-element elementor-element-474e8e6\" data-id=\"474e8e6\" data-element_type=\"column\" data-e-type=\"column\">\n\t\t\t<div class=\"elementor-widget-wrap elementor-element-populated\">\n\t\t\t\t\t\t<section class=\"elementor-section elementor-inner-section elementor-element elementor-element-f50d215 elementor-section-boxed elementor-section-height-default elementor-section-height-default\" data-id=\"f50d215\" data-element_type=\"section\" data-e-type=\"section\" data-settings=\"{&quot;_ha_eqh_enable&quot;:false}\">\n\t\t\t\t\t\t<div class=\"elementor-container elementor-column-gap-default\">\n\t\t\t\t\t<div class=\"elementor-column elementor-col-100 elementor-inner-column elementor-element elementor-element-e7bc035\" data-id=\"e7bc035\" data-element_type=\"column\" data-e-type=\"column\">\n\t\t\t<div class=\"elementor-widget-wrap elementor-element-populated\">\n\t\t\t\t\t\t<div class=\"elementor-element elementor-element-89b8442 elementor-widget elementor-widget-text-editor\" data-id=\"89b8442\" data-element_type=\"widget\" data-e-type=\"widget\" data-widget_type=\"text-editor.default\">\n\t\t\t\t<div class=\"elementor-widget-container\">\n\t\t\t\t\t\t\t\t\t<p>Ce site est publi\u00e9 par la soci\u00e9t\u00e9 Rivercity Innovations ltd, dont le si\u00e8ge social est situ\u00e9 \u00e0 Suite 201 &#8211; 116 Research Drive, Saskatoon, SK, Canada, S7N 3R3.<span class=\"Apple-converted-space\"> <\/span><\/p><p>Adresse \u00e9lectronique : <a class=\"break_word\" href=\"mailto:sales@rivercityinnovations.ca\">sales@rivercityinnovations.ca<\/a> &#8211; T\u00e9l : <a href=\"tel:+33%204%2030%2000%2058%2022\">+33 4 30 00 58 22<\/a> OU <a href=\"tel:+33%204%2030%2000%2058%2022\"> +1 (306)-986-8888 <\/a>  <span class=\"Apple-converted-space\"> <\/span><\/p><p>Rivercity Innovations Ltd. est inscrite au registre des soci\u00e9t\u00e9s de la Saskatchewan sous le num\u00e9ro 102049605.<\/p><p>Le directeur de la publication du site web est Jeff Shirley, en sa qualit\u00e9 de fondateur et PDG.<\/p><p>Rivercity innovations Ltd. met tout en \u0153uvre pour offrir aux utilisateurs du site www.rivercityinnovations.ca des informations et\/ou des outils disponibles et v\u00e9rifi\u00e9s, mais ne saurait \u00eatre tenue pour responsable des erreurs, d&rsquo;une absence de disponibilit\u00e9 des fonctionnalit\u00e9s et\/ou de la pr\u00e9sence de virus sur son site.<\/p><p>Le site <a href=\"https:\/\/www.rivercityinnovations.ca\/\">www.rivercityinnovations.ca<\/a> est h\u00e9berg\u00e9 par Beyla, dont le si\u00e8ge social est situ\u00e9 dans l&rsquo;Ontario,<span class=\"Apple-converted-space\">  <\/span>Canada.<\/p>\t\t\t\t\t\t\t\t<\/div>\n\t\t\t\t<\/div>\n\t\t\t\t\t<\/div>\n\t\t<\/div>\n\t\t\t\t\t<\/div>\n\t\t<\/section>\n\t\t\t\t\t<\/div>\n\t\t<\/div>\n\t\t\t\t\t<\/div>\n\t\t<\/section>\n\t\t\t\t<\/div>\n\t\t","protected":false},"excerpt":{"rendered":"<p>Ce site est publi\u00e9 par la soci\u00e9t\u00e9 Rivercity Innovations ltd, dont le si\u00e8ge social est situ\u00e9 \u00e0 Suite 201 &#8211; 116 Research Drive, Saskatoon, SK, Canada, S7N 3R3. Adresse \u00e9lectronique : sales@rivercityinnovations.ca &#8211; T\u00e9l : +33 4 30 00 58 22 OU +1 (306)-986-8888 Rivercity Innovations Ltd. est inscrite au registre des soci\u00e9t\u00e9s de la <a href=\"https:\/\/www.rivercityinnovations.ca\/fr\/avis-juridique\/\" class=\"more-link\">&#8230;<span class=\"screen-reader-text\">  Avis juridique<\/span><\/a><\/p>\n","protected":false},"author":1,"featured_media":0,"parent":0,"menu_order":510,"comment_status":"closed","ping_status":"closed","template":"","meta":{"_acf_changed":false,"footnotes":""},"class_list":["post-7530","page","type-page","status-publish","hentry"],"acf":[],"yoast_head":"<!-- This site is optimized with the Yoast SEO plugin v27.2 - https:\/\/yoast.com\/product\/yoast-seo-wordpress\/ -->\n<title>Avis juridique &#8226; Rivercity Innovations<\/title>\n<meta name=\"robots\" content=\"noindex, nofollow\" \/>\n<meta property=\"og:locale\" content=\"fr_FR\" \/>\n<meta property=\"og:type\" content=\"article\" \/>\n<meta property=\"og:title\" content=\"Avis juridique &#8226; Rivercity Innovations\" \/>\n<meta property=\"og:description\" content=\"Ce site est publi\u00e9 par la soci\u00e9t\u00e9 Rivercity Innovations ltd, dont le si\u00e8ge social est situ\u00e9 \u00e0 Suite 201 &#8211; 116 Research Drive, Saskatoon, SK, Canada, S7N 3R3. Adresse \u00e9lectronique : sales@rivercityinnovations.ca &#8211; T\u00e9l : +33 4 30 00 58 22 OU +1 (306)-986-8888 Rivercity Innovations Ltd. est inscrite au registre des soci\u00e9t\u00e9s de la ... Avis juridique\" \/>\n<meta property=\"og:url\" content=\"https:\/\/www.rivercityinnovations.ca\/fr\/avis-juridique\/\" \/>\n<meta property=\"og:site_name\" content=\"Rivercity Innovations\" \/>\n<meta property=\"article:modified_time\" content=\"2025-05-05T21:38:38+00:00\" \/>\n<meta name=\"twitter:card\" content=\"summary_large_image\" \/>\n<meta name=\"twitter:site\" content=\"@rivercity_ltd\" \/>\n<meta name=\"twitter:label1\" content=\"Dur\u00e9e de lecture estim\u00e9e\" \/>\n\t<meta name=\"twitter:data1\" content=\"1 minute\" \/>\n<script type=\"application\/ld+json\" class=\"yoast-schema-graph\">{\"@context\":\"https:\/\/schema.org\",\"@graph\":[{\"@type\":\"WebPage\",\"@id\":\"https:\/\/www.rivercityinnovations.ca\/fr\/avis-juridique\/\",\"url\":\"https:\/\/www.rivercityinnovations.ca\/fr\/avis-juridique\/\",\"name\":\"Avis juridique &#8226; Rivercity Innovations\",\"isPartOf\":{\"@id\":\"https:\/\/www.rivercityinnovations.ca\/fr\/#website\"},\"datePublished\":\"2025-01-01T18:24:17+00:00\",\"dateModified\":\"2025-05-05T21:38:38+00:00\",\"breadcrumb\":{\"@id\":\"https:\/\/www.rivercityinnovations.ca\/fr\/avis-juridique\/#breadcrumb\"},\"inLanguage\":\"fr-FR\",\"potentialAction\":[{\"@type\":\"ReadAction\",\"target\":[\"https:\/\/www.rivercityinnovations.ca\/fr\/avis-juridique\/\"]}]},{\"@type\":\"BreadcrumbList\",\"@id\":\"https:\/\/www.rivercityinnovations.ca\/fr\/avis-juridique\/#breadcrumb\",\"itemListElement\":[{\"@type\":\"ListItem\",\"position\":1,\"name\":\"Home\",\"item\":\"https:\/\/www.rivercityinnovations.ca\/fr\/\"},{\"@type\":\"ListItem\",\"position\":2,\"name\":\"Avis juridique\"}]},{\"@type\":\"WebSite\",\"@id\":\"https:\/\/www.rivercityinnovations.ca\/fr\/#website\",\"url\":\"https:\/\/www.rivercityinnovations.ca\/fr\/\",\"name\":\"Rivercity Innovations\",\"description\":\"Canadian Made Expert LoRa Solution Provider\",\"publisher\":{\"@id\":\"https:\/\/www.rivercityinnovations.ca\/fr\/#organization\"},\"alternateName\":\"Rivercity Innovations Ltd.\",\"potentialAction\":[{\"@type\":\"SearchAction\",\"target\":{\"@type\":\"EntryPoint\",\"urlTemplate\":\"https:\/\/www.rivercityinnovations.ca\/fr\/?s={search_term_string}\"},\"query-input\":{\"@type\":\"PropertyValueSpecification\",\"valueRequired\":true,\"valueName\":\"search_term_string\"}}],\"inLanguage\":\"fr-FR\"},{\"@type\":\"Organization\",\"@id\":\"https:\/\/www.rivercityinnovations.ca\/fr\/#organization\",\"name\":\"Rivercity Innovations\",\"alternateName\":\"Rivercity Innovations Ltd.\",\"url\":\"https:\/\/www.rivercityinnovations.ca\/fr\/\",\"logo\":{\"@type\":\"ImageObject\",\"inLanguage\":\"fr-FR\",\"@id\":\"https:\/\/www.rivercityinnovations.ca\/fr\/#\/schema\/logo\/image\/\",\"url\":\"https:\/\/www.rivercityinnovations.ca\/wp-content\/uploads\/2025\/01\/logo.png\",\"contentUrl\":\"https:\/\/www.rivercityinnovations.ca\/wp-content\/uploads\/2025\/01\/logo.png\",\"width\":227,\"height\":49,\"caption\":\"Rivercity Innovations\"},\"image\":{\"@id\":\"https:\/\/www.rivercityinnovations.ca\/fr\/#\/schema\/logo\/image\/\"},\"sameAs\":[\"https:\/\/x.com\/rivercity_ltd\",\"https:\/\/www.linkedin.com\/company\/rivercity-innovations\"]}]}<\/script>\n<!-- \/ Yoast SEO plugin. -->","yoast_head_json":{"title":"Avis juridique &#8226; Rivercity Innovations","robots":{"index":"noindex","follow":"nofollow"},"og_locale":"fr_FR","og_type":"article","og_title":"Avis juridique &#8226; Rivercity Innovations","og_description":"Ce site est publi\u00e9 par la soci\u00e9t\u00e9 Rivercity Innovations ltd, dont le si\u00e8ge social est situ\u00e9 \u00e0 Suite 201 &#8211; 116 Research Drive, Saskatoon, SK, Canada, S7N 3R3. Adresse \u00e9lectronique : sales@rivercityinnovations.ca &#8211; T\u00e9l : +33 4 30 00 58 22 OU +1 (306)-986-8888 Rivercity Innovations Ltd. est inscrite au registre des soci\u00e9t\u00e9s de la ... Avis juridique","og_url":"https:\/\/www.rivercityinnovations.ca\/fr\/avis-juridique\/","og_site_name":"Rivercity Innovations","article_modified_time":"2025-05-05T21:38:38+00:00","twitter_card":"summary_large_image","twitter_site":"@rivercity_ltd","twitter_misc":{"Dur\u00e9e de lecture estim\u00e9e":"1 minute"},"schema":{"@context":"https:\/\/schema.org","@graph":[{"@type":"WebPage","@id":"https:\/\/www.rivercityinnovations.ca\/fr\/avis-juridique\/","url":"https:\/\/www.rivercityinnovations.ca\/fr\/avis-juridique\/","name":"Avis juridique &#8226; Rivercity Innovations","isPartOf":{"@id":"https:\/\/www.rivercityinnovations.ca\/fr\/#website"},"datePublished":"2025-01-01T18:24:17+00:00","dateModified":"2025-05-05T21:38:38+00:00","breadcrumb":{"@id":"https:\/\/www.rivercityinnovations.ca\/fr\/avis-juridique\/#breadcrumb"},"inLanguage":"fr-FR","potentialAction":[{"@type":"ReadAction","target":["https:\/\/www.rivercityinnovations.ca\/fr\/avis-juridique\/"]}]},{"@type":"BreadcrumbList","@id":"https:\/\/www.rivercityinnovations.ca\/fr\/avis-juridique\/#breadcrumb","itemListElement":[{"@type":"ListItem","position":1,"name":"Home","item":"https:\/\/www.rivercityinnovations.ca\/fr\/"},{"@type":"ListItem","position":2,"name":"Avis juridique"}]},{"@type":"WebSite","@id":"https:\/\/www.rivercityinnovations.ca\/fr\/#website","url":"https:\/\/www.rivercityinnovations.ca\/fr\/","name":"Rivercity Innovations","description":"Canadian Made Expert LoRa Solution Provider","publisher":{"@id":"https:\/\/www.rivercityinnovations.ca\/fr\/#organization"},"alternateName":"Rivercity Innovations Ltd.","potentialAction":[{"@type":"SearchAction","target":{"@type":"EntryPoint","urlTemplate":"https:\/\/www.rivercityinnovations.ca\/fr\/?s={search_term_string}"},"query-input":{"@type":"PropertyValueSpecification","valueRequired":true,"valueName":"search_term_string"}}],"inLanguage":"fr-FR"},{"@type":"Organization","@id":"https:\/\/www.rivercityinnovations.ca\/fr\/#organization","name":"Rivercity Innovations","alternateName":"Rivercity Innovations Ltd.","url":"https:\/\/www.rivercityinnovations.ca\/fr\/","logo":{"@type":"ImageObject","inLanguage":"fr-FR","@id":"https:\/\/www.rivercityinnovations.ca\/fr\/#\/schema\/logo\/image\/","url":"https:\/\/www.rivercityinnovations.ca\/wp-content\/uploads\/2025\/01\/logo.png","contentUrl":"https:\/\/www.rivercityinnovations.ca\/wp-content\/uploads\/2025\/01\/logo.png","width":227,"height":49,"caption":"Rivercity Innovations"},"image":{"@id":"https:\/\/www.rivercityinnovations.ca\/fr\/#\/schema\/logo\/image\/"},"sameAs":["https:\/\/x.com\/rivercity_ltd","https:\/\/www.linkedin.com\/company\/rivercity-innovations"]}]}},"_links":{"self":[{"href":"https:\/\/www.rivercityinnovations.ca\/fr\/wp-json\/wp\/v2\/pages\/7530","targetHints":{"allow":["GET"]}}],"collection":[{"href":"https:\/\/www.rivercityinnovations.ca\/fr\/wp-json\/wp\/v2\/pages"}],"about":[{"href":"https:\/\/www.rivercityinnovations.ca\/fr\/wp-json\/wp\/v2\/types\/page"}],"author":[{"embeddable":true,"href":"https:\/\/www.rivercityinnovations.ca\/fr\/wp-json\/wp\/v2\/users\/1"}],"replies":[{"embeddable":true,"href":"https:\/\/www.rivercityinnovations.ca\/fr\/wp-json\/wp\/v2\/comments?post=7530"}],"version-history":[{"count":1,"href":"https:\/\/www.rivercityinnovations.ca\/fr\/wp-json\/wp\/v2\/pages\/7530\/revisions"}],"predecessor-version":[{"id":7531,"href":"https:\/\/www.rivercityinnovations.ca\/fr\/wp-json\/wp\/v2\/pages\/7530\/revisions\/7531"}],"wp:attachment":[{"href":"https:\/\/www.rivercityinnovations.ca\/fr\/wp-json\/wp\/v2\/media?parent=7530"}],"curies":[{"name":"wp","href":"https:\/\/api.w.org\/{rel}","templated":true}]}}