{"id":7482,"date":"2025-05-05T09:39:35","date_gmt":"2025-05-05T15:39:35","guid":{"rendered":"https:\/\/www.rivercityinnovations.ca\/revendeurs-et-services\/"},"modified":"2025-05-05T15:39:00","modified_gmt":"2025-05-05T21:39:00","slug":"revendeurs-et-services","status":"publish","type":"page","link":"https:\/\/www.rivercityinnovations.ca\/fr\/a-propos-de\/revendeurs-et-services\/","title":{"rendered":"Revendeurs et services"},"content":{"rendered":"\t\t<div data-elementor-type=\"wp-page\" data-elementor-id=\"7482\" class=\"elementor elementor-7482 elementor-6571\" data-elementor-settings=\"{&quot;ha_cmc_init_switcher&quot;:&quot;no&quot;}\" data-elementor-post-type=\"page\">\n\t\t\t\t\t\t<section class=\"elementor-section elementor-top-section elementor-element elementor-element-8ac778e elementor-section-full_width contact_email elementor-section-height-default elementor-section-height-default\" data-id=\"8ac778e\" data-element_type=\"section\" data-e-type=\"section\" data-settings=\"{&quot;_ha_eqh_enable&quot;:false}\">\n\t\t\t\t\t\t<div class=\"elementor-container elementor-column-gap-default\">\n\t\t\t\t\t<div class=\"elementor-column elementor-col-100 elementor-top-column elementor-element elementor-element-0e39a86\" data-id=\"0e39a86\" data-element_type=\"column\" data-e-type=\"column\">\n\t\t\t<div class=\"elementor-widget-wrap elementor-element-populated\">\n\t\t\t\t\t\t<section class=\"elementor-section elementor-inner-section elementor-element elementor-element-edd6841 elementor-section-boxed elementor-section-height-default elementor-section-height-default\" data-id=\"edd6841\" data-element_type=\"section\" data-e-type=\"section\" data-settings=\"{&quot;_ha_eqh_enable&quot;:false}\">\n\t\t\t\t\t\t<div class=\"elementor-container elementor-column-gap-no\">\n\t\t\t\t\t<div class=\"elementor-column elementor-col-25 elementor-inner-column elementor-element elementor-element-dc17cc7\" data-id=\"dc17cc7\" data-element_type=\"column\" data-e-type=\"column\" data-settings=\"{&quot;background_background&quot;:&quot;classic&quot;}\">\n\t\t\t<div class=\"elementor-widget-wrap elementor-element-populated\">\n\t\t\t\t\t\t<div class=\"elementor-element elementor-element-cd94640 elementor-widget elementor-widget-image\" data-id=\"cd94640\" data-element_type=\"widget\" data-e-type=\"widget\" data-widget_type=\"image.default\">\n\t\t\t\t<div class=\"elementor-widget-container\">\n\t\t\t\t\t\t\t\t\t\t\t\t\t\t\t<img fetchpriority=\"high\" decoding=\"async\" width=\"660\" height=\"330\" src=\"https:\/\/www.rivercityinnovations.ca\/wp-content\/uploads\/2025\/05\/reseller-dauphinais.png\" class=\"attachment-large size-large wp-image-7474\" alt=\"\" srcset=\"https:\/\/www.rivercityinnovations.ca\/wp-content\/uploads\/2025\/05\/reseller-dauphinais.png 660w, https:\/\/www.rivercityinnovations.ca\/wp-content\/uploads\/2025\/05\/reseller-dauphinais-300x150.png 300w\" sizes=\"(max-width: 660px) 100vw, 660px\" \/>\t\t\t\t\t\t\t\t\t\t\t\t\t\t\t<\/div>\n\t\t\t\t<\/div>\n\t\t\t\t<div class=\"elementor-element elementor-element-a36dbf4 elementor-widget elementor-widget-heading\" data-id=\"a36dbf4\" data-element_type=\"widget\" data-e-type=\"widget\" data-widget_type=\"heading.default\">\n\t\t\t\t<div class=\"elementor-widget-container\">\n\t\t\t\t\t<h5 class=\"elementor-heading-title elementor-size-default\">Fabricant de refroidisseurs en Am\u00e9rique du Nord<\/h5>\t\t\t\t<\/div>\n\t\t\t\t<\/div>\n\t\t\t\t<div class=\"elementor-element elementor-element-c7ba98b elementor-widget elementor-widget-text-editor\" data-id=\"c7ba98b\" data-element_type=\"widget\" data-e-type=\"widget\" data-widget_type=\"text-editor.default\">\n\t\t\t\t<div class=\"elementor-widget-container\">\n\t\t\t\t\t\t\t\t\t<p><strong>Philipe Begin<\/strong><br \/><a href=\"tel:+15142062128\" target=\"_blank\" rel=\"noopener\">+1 (514) 206-2128<\/a><\/p>\n\t\t\t\t\t\t\t\t<\/div>\n\t\t\t\t<\/div>\n\t\t\t\t\t<\/div>\n\t\t<\/div>\n\t\t\t\t<div class=\"elementor-column elementor-col-25 elementor-inner-column elementor-element elementor-element-696cd70\" data-id=\"696cd70\" data-element_type=\"column\" data-e-type=\"column\" data-settings=\"{&quot;background_background&quot;:&quot;classic&quot;}\">\n\t\t\t<div class=\"elementor-widget-wrap elementor-element-populated\">\n\t\t\t\t\t\t<div class=\"elementor-element elementor-element-3fbbe5d elementor-widget elementor-widget-image\" data-id=\"3fbbe5d\" data-element_type=\"widget\" data-e-type=\"widget\" data-widget_type=\"image.default\">\n\t\t\t\t<div class=\"elementor-widget-container\">\n\t\t\t\t\t\t\t\t\t\t\t\t\t\t\t<img decoding=\"async\" width=\"660\" height=\"330\" src=\"https:\/\/www.rivercityinnovations.ca\/wp-content\/uploads\/2025\/05\/reseller-cayuga.png\" class=\"attachment-large size-large wp-image-7471\" alt=\"\" srcset=\"https:\/\/www.rivercityinnovations.ca\/wp-content\/uploads\/2025\/05\/reseller-cayuga.png 660w, https:\/\/www.rivercityinnovations.ca\/wp-content\/uploads\/2025\/05\/reseller-cayuga-300x150.png 300w\" sizes=\"(max-width: 660px) 100vw, 660px\" \/>\t\t\t\t\t\t\t\t\t\t\t\t\t\t\t<\/div>\n\t\t\t\t<\/div>\n\t\t\t\t<div class=\"elementor-element elementor-element-575b788 elementor-widget elementor-widget-heading\" data-id=\"575b788\" data-element_type=\"widget\" data-e-type=\"widget\" data-widget_type=\"heading.default\">\n\t\t\t\t<div class=\"elementor-widget-container\">\n\t\t\t\t\t<h5 class=\"elementor-heading-title elementor-size-default\">Fabricant de refroidisseurs en Am\u00e9rique du Nord<\/h5>\t\t\t\t<\/div>\n\t\t\t\t<\/div>\n\t\t\t\t<div class=\"elementor-element elementor-element-4e7ae4c elementor-widget elementor-widget-text-editor\" data-id=\"4e7ae4c\" data-element_type=\"widget\" data-e-type=\"widget\" data-widget_type=\"text-editor.default\">\n\t\t\t\t<div class=\"elementor-widget-container\">\n\t\t\t\t\t\t\t\t\t<p><strong>Chris Schotsman<\/strong><br \/><a href=\"tel:+19057725114\">+1 (905) 772-5214 poste 2240<\/a><\/p>\n\t\t\t\t\t\t\t\t<\/div>\n\t\t\t\t<\/div>\n\t\t\t\t\t<\/div>\n\t\t<\/div>\n\t\t\t\t<div class=\"elementor-column elementor-col-25 elementor-inner-column elementor-element elementor-element-b4c83cb\" data-id=\"b4c83cb\" data-element_type=\"column\" data-e-type=\"column\" data-settings=\"{&quot;background_background&quot;:&quot;classic&quot;}\">\n\t\t\t<div class=\"elementor-widget-wrap elementor-element-populated\">\n\t\t\t\t\t\t<div class=\"elementor-element elementor-element-a97d66c elementor-widget elementor-widget-image\" data-id=\"a97d66c\" data-element_type=\"widget\" data-e-type=\"widget\" data-widget_type=\"image.default\">\n\t\t\t\t<div class=\"elementor-widget-container\">\n\t\t\t\t\t\t\t\t\t\t\t\t\t\t\t<img decoding=\"async\" width=\"660\" height=\"330\" src=\"https:\/\/www.rivercityinnovations.ca\/wp-content\/uploads\/2025\/05\/reseller-neelands.png\" class=\"attachment-large size-large wp-image-7477\" alt=\"\" srcset=\"https:\/\/www.rivercityinnovations.ca\/wp-content\/uploads\/2025\/05\/reseller-neelands.png 660w, https:\/\/www.rivercityinnovations.ca\/wp-content\/uploads\/2025\/05\/reseller-neelands-300x150.png 300w\" sizes=\"(max-width: 660px) 100vw, 660px\" \/>\t\t\t\t\t\t\t\t\t\t\t\t\t\t\t<\/div>\n\t\t\t\t<\/div>\n\t\t\t\t<div class=\"elementor-element elementor-element-7e4a782 elementor-widget elementor-widget-heading\" data-id=\"7e4a782\" data-element_type=\"widget\" data-e-type=\"widget\" data-widget_type=\"heading.default\">\n\t\t\t\t<div class=\"elementor-widget-container\">\n\t\t\t\t\t<h5 class=\"elementor-heading-title elementor-size-default\">Soci\u00e9t\u00e9 de services de l'Est du Canada<\/h5>\t\t\t\t<\/div>\n\t\t\t\t<\/div>\n\t\t\t\t<div class=\"elementor-element elementor-element-10717f6 elementor-widget elementor-widget-text-editor\" data-id=\"10717f6\" data-element_type=\"widget\" data-e-type=\"widget\" data-widget_type=\"text-editor.default\">\n\t\t\t\t<div class=\"elementor-widget-container\">\n\t\t\t\t\t\t\t\t\t<p><strong>Neil Forth<\/strong><br \/><a href=\"tel:+14167989705\">+1 (416) 798-9705<\/a><\/p>\n\t\t\t\t\t\t\t\t<\/div>\n\t\t\t\t<\/div>\n\t\t\t\t\t<\/div>\n\t\t<\/div>\n\t\t\t\t<div class=\"elementor-column elementor-col-25 elementor-inner-column elementor-element elementor-element-f70d93f\" data-id=\"f70d93f\" data-element_type=\"column\" data-e-type=\"column\" data-settings=\"{&quot;background_background&quot;:&quot;classic&quot;}\">\n\t\t\t<div class=\"elementor-widget-wrap elementor-element-populated\">\n\t\t\t\t\t\t<div class=\"elementor-element elementor-element-707f545 elementor-widget elementor-widget-image\" data-id=\"707f545\" data-element_type=\"widget\" data-e-type=\"widget\" data-widget_type=\"image.default\">\n\t\t\t\t<div class=\"elementor-widget-container\">\n\t\t\t\t\t\t\t\t\t\t\t\t\t\t\t<img loading=\"lazy\" decoding=\"async\" width=\"660\" height=\"330\" src=\"https:\/\/www.rivercityinnovations.ca\/wp-content\/uploads\/2025\/05\/reseller-raimac.png\" class=\"attachment-large size-large wp-image-7480\" alt=\"\" srcset=\"https:\/\/www.rivercityinnovations.ca\/wp-content\/uploads\/2025\/05\/reseller-raimac.png 660w, https:\/\/www.rivercityinnovations.ca\/wp-content\/uploads\/2025\/05\/reseller-raimac-300x150.png 300w\" sizes=\"(max-width: 660px) 100vw, 660px\" \/>\t\t\t\t\t\t\t\t\t\t\t\t\t\t\t<\/div>\n\t\t\t\t<\/div>\n\t\t\t\t<div class=\"elementor-element elementor-element-f8c1743 elementor-widget elementor-widget-heading\" data-id=\"f8c1743\" data-element_type=\"widget\" data-e-type=\"widget\" data-widget_type=\"heading.default\">\n\t\t\t\t<div class=\"elementor-widget-container\">\n\t\t\t\t\t<h5 class=\"elementor-heading-title elementor-size-default\">Western Canada Service Company<\/h5>\t\t\t\t<\/div>\n\t\t\t\t<\/div>\n\t\t\t\t<div class=\"elementor-element elementor-element-4e82614 elementor-widget elementor-widget-text-editor\" data-id=\"4e82614\" data-element_type=\"widget\" data-e-type=\"widget\" data-widget_type=\"text-editor.default\">\n\t\t\t\t<div class=\"elementor-widget-container\">\n\t\t\t\t\t\t\t\t\t<p><strong>Dave Merlot<\/strong><br \/><a href=\"tel:+16043241466\">+1 (604) 324-1466<\/a><\/p>\n\t\t\t\t\t\t\t\t<\/div>\n\t\t\t\t<\/div>\n\t\t\t\t\t<\/div>\n\t\t<\/div>\n\t\t\t\t\t<\/div>\n\t\t<\/section>\n\t\t\t\t\t<\/div>\n\t\t<\/div>\n\t\t\t\t\t<\/div>\n\t\t<\/section>\n\t\t\t\t<\/div>\n\t\t","protected":false},"excerpt":{"rendered":"<p>Fabricant de refroidisseurs en Am\u00e9rique du Nord Philipe Begin+1 (514) 206-2128 Fabricant de refroidisseurs en Am\u00e9rique du Nord Chris Schotsman+1 (905) 772-5214 poste 2240 Soci\u00e9t\u00e9 de services de l&rsquo;Est du Canada Neil Forth+1 (416) 798-9705 Western Canada Service Company Dave Merlot+1 (604) 324-1466<\/p>\n","protected":false},"author":1,"featured_media":0,"parent":7626,"menu_order":30,"comment_status":"closed","ping_status":"closed","template":"","meta":{"_acf_changed":false,"footnotes":""},"class_list":["post-7482","page","type-page","status-publish","hentry"],"acf":[],"yoast_head":"<!-- This site is optimized with the Yoast SEO plugin v27.2 - https:\/\/yoast.com\/product\/yoast-seo-wordpress\/ -->\n<title>Revendeurs et services &#8226; Rivercity Innovations<\/title>\n<meta name=\"robots\" content=\"index, follow, max-snippet:-1, max-image-preview:large, max-video-preview:-1\" \/>\n<link rel=\"canonical\" href=\"https:\/\/www.rivercityinnovations.ca\/fr\/a-propos-de\/revendeurs-et-services\/\" \/>\n<meta property=\"og:locale\" content=\"fr_FR\" \/>\n<meta property=\"og:type\" content=\"article\" \/>\n<meta property=\"og:title\" content=\"Revendeurs et services &#8226; Rivercity Innovations\" \/>\n<meta property=\"og:description\" content=\"Fabricant de refroidisseurs en Am\u00e9rique du Nord Philipe Begin+1 (514) 206-2128 Fabricant de refroidisseurs en Am\u00e9rique du Nord Chris Schotsman+1 (905) 772-5214 poste 2240 Soci\u00e9t\u00e9 de services de l&rsquo;Est du Canada Neil Forth+1 (416) 798-9705 Western Canada Service Company Dave Merlot+1 (604) 324-1466\" \/>\n<meta property=\"og:url\" content=\"https:\/\/www.rivercityinnovations.ca\/fr\/a-propos-de\/revendeurs-et-services\/\" \/>\n<meta property=\"og:site_name\" content=\"Rivercity Innovations\" \/>\n<meta property=\"article:modified_time\" content=\"2025-05-05T21:39:00+00:00\" \/>\n<meta property=\"og:image\" content=\"https:\/\/www.rivercityinnovations.ca\/wp-content\/uploads\/2025\/05\/reseller-dauphinais.png\" \/>\n<meta name=\"twitter:card\" content=\"summary_large_image\" \/>\n<meta name=\"twitter:site\" content=\"@rivercity_ltd\" \/>\n<script type=\"application\/ld+json\" class=\"yoast-schema-graph\">{\"@context\":\"https:\/\/schema.org\",\"@graph\":[{\"@type\":\"WebPage\",\"@id\":\"https:\/\/www.rivercityinnovations.ca\/fr\/a-propos-de\/revendeurs-et-services\/\",\"url\":\"https:\/\/www.rivercityinnovations.ca\/fr\/a-propos-de\/revendeurs-et-services\/\",\"name\":\"Revendeurs et services &#8226; Rivercity Innovations\",\"isPartOf\":{\"@id\":\"https:\/\/www.rivercityinnovations.ca\/fr\/#website\"},\"primaryImageOfPage\":{\"@id\":\"https:\/\/www.rivercityinnovations.ca\/fr\/a-propos-de\/revendeurs-et-services\/#primaryimage\"},\"image\":{\"@id\":\"https:\/\/www.rivercityinnovations.ca\/fr\/a-propos-de\/revendeurs-et-services\/#primaryimage\"},\"thumbnailUrl\":\"https:\/\/www.rivercityinnovations.ca\/wp-content\/uploads\/2025\/05\/reseller-dauphinais.png\",\"datePublished\":\"2025-05-05T15:39:35+00:00\",\"dateModified\":\"2025-05-05T21:39:00+00:00\",\"breadcrumb\":{\"@id\":\"https:\/\/www.rivercityinnovations.ca\/fr\/a-propos-de\/revendeurs-et-services\/#breadcrumb\"},\"inLanguage\":\"fr-FR\",\"potentialAction\":[{\"@type\":\"ReadAction\",\"target\":[\"https:\/\/www.rivercityinnovations.ca\/fr\/a-propos-de\/revendeurs-et-services\/\"]}]},{\"@type\":\"ImageObject\",\"inLanguage\":\"fr-FR\",\"@id\":\"https:\/\/www.rivercityinnovations.ca\/fr\/a-propos-de\/revendeurs-et-services\/#primaryimage\",\"url\":\"https:\/\/www.rivercityinnovations.ca\/wp-content\/uploads\/2025\/05\/reseller-dauphinais.png\",\"contentUrl\":\"https:\/\/www.rivercityinnovations.ca\/wp-content\/uploads\/2025\/05\/reseller-dauphinais.png\"},{\"@type\":\"BreadcrumbList\",\"@id\":\"https:\/\/www.rivercityinnovations.ca\/fr\/a-propos-de\/revendeurs-et-services\/#breadcrumb\",\"itemListElement\":[{\"@type\":\"ListItem\",\"position\":1,\"name\":\"Home\",\"item\":\"https:\/\/www.rivercityinnovations.ca\/fr\/\"},{\"@type\":\"ListItem\",\"position\":2,\"name\":\"A propos de\",\"item\":\"https:\/\/www.rivercityinnovations.ca\/fr\/a-propos-de\/\"},{\"@type\":\"ListItem\",\"position\":3,\"name\":\"Revendeurs et services\"}]},{\"@type\":\"WebSite\",\"@id\":\"https:\/\/www.rivercityinnovations.ca\/fr\/#website\",\"url\":\"https:\/\/www.rivercityinnovations.ca\/fr\/\",\"name\":\"Rivercity Innovations\",\"description\":\"Canadian Made Expert LoRa Solution Provider\",\"publisher\":{\"@id\":\"https:\/\/www.rivercityinnovations.ca\/fr\/#organization\"},\"alternateName\":\"Rivercity Innovations Ltd.\",\"potentialAction\":[{\"@type\":\"SearchAction\",\"target\":{\"@type\":\"EntryPoint\",\"urlTemplate\":\"https:\/\/www.rivercityinnovations.ca\/fr\/?s={search_term_string}\"},\"query-input\":{\"@type\":\"PropertyValueSpecification\",\"valueRequired\":true,\"valueName\":\"search_term_string\"}}],\"inLanguage\":\"fr-FR\"},{\"@type\":\"Organization\",\"@id\":\"https:\/\/www.rivercityinnovations.ca\/fr\/#organization\",\"name\":\"Rivercity Innovations\",\"alternateName\":\"Rivercity Innovations Ltd.\",\"url\":\"https:\/\/www.rivercityinnovations.ca\/fr\/\",\"logo\":{\"@type\":\"ImageObject\",\"inLanguage\":\"fr-FR\",\"@id\":\"https:\/\/www.rivercityinnovations.ca\/fr\/#\/schema\/logo\/image\/\",\"url\":\"https:\/\/www.rivercityinnovations.ca\/wp-content\/uploads\/2025\/01\/logo.png\",\"contentUrl\":\"https:\/\/www.rivercityinnovations.ca\/wp-content\/uploads\/2025\/01\/logo.png\",\"width\":227,\"height\":49,\"caption\":\"Rivercity Innovations\"},\"image\":{\"@id\":\"https:\/\/www.rivercityinnovations.ca\/fr\/#\/schema\/logo\/image\/\"},\"sameAs\":[\"https:\/\/x.com\/rivercity_ltd\",\"https:\/\/www.linkedin.com\/company\/rivercity-innovations\"]}]}<\/script>\n<!-- \/ Yoast SEO plugin. -->","yoast_head_json":{"title":"Revendeurs et services &#8226; Rivercity Innovations","robots":{"index":"index","follow":"follow","max-snippet":"max-snippet:-1","max-image-preview":"max-image-preview:large","max-video-preview":"max-video-preview:-1"},"canonical":"https:\/\/www.rivercityinnovations.ca\/fr\/a-propos-de\/revendeurs-et-services\/","og_locale":"fr_FR","og_type":"article","og_title":"Revendeurs et services &#8226; Rivercity Innovations","og_description":"Fabricant de refroidisseurs en Am\u00e9rique du Nord Philipe Begin+1 (514) 206-2128 Fabricant de refroidisseurs en Am\u00e9rique du Nord Chris Schotsman+1 (905) 772-5214 poste 2240 Soci\u00e9t\u00e9 de services de l&rsquo;Est du Canada Neil Forth+1 (416) 798-9705 Western Canada Service Company Dave Merlot+1 (604) 324-1466","og_url":"https:\/\/www.rivercityinnovations.ca\/fr\/a-propos-de\/revendeurs-et-services\/","og_site_name":"Rivercity Innovations","article_modified_time":"2025-05-05T21:39:00+00:00","og_image":[{"url":"https:\/\/www.rivercityinnovations.ca\/wp-content\/uploads\/2025\/05\/reseller-dauphinais.png","type":"","width":"","height":""}],"twitter_card":"summary_large_image","twitter_site":"@rivercity_ltd","schema":{"@context":"https:\/\/schema.org","@graph":[{"@type":"WebPage","@id":"https:\/\/www.rivercityinnovations.ca\/fr\/a-propos-de\/revendeurs-et-services\/","url":"https:\/\/www.rivercityinnovations.ca\/fr\/a-propos-de\/revendeurs-et-services\/","name":"Revendeurs et services &#8226; Rivercity Innovations","isPartOf":{"@id":"https:\/\/www.rivercityinnovations.ca\/fr\/#website"},"primaryImageOfPage":{"@id":"https:\/\/www.rivercityinnovations.ca\/fr\/a-propos-de\/revendeurs-et-services\/#primaryimage"},"image":{"@id":"https:\/\/www.rivercityinnovations.ca\/fr\/a-propos-de\/revendeurs-et-services\/#primaryimage"},"thumbnailUrl":"https:\/\/www.rivercityinnovations.ca\/wp-content\/uploads\/2025\/05\/reseller-dauphinais.png","datePublished":"2025-05-05T15:39:35+00:00","dateModified":"2025-05-05T21:39:00+00:00","breadcrumb":{"@id":"https:\/\/www.rivercityinnovations.ca\/fr\/a-propos-de\/revendeurs-et-services\/#breadcrumb"},"inLanguage":"fr-FR","potentialAction":[{"@type":"ReadAction","target":["https:\/\/www.rivercityinnovations.ca\/fr\/a-propos-de\/revendeurs-et-services\/"]}]},{"@type":"ImageObject","inLanguage":"fr-FR","@id":"https:\/\/www.rivercityinnovations.ca\/fr\/a-propos-de\/revendeurs-et-services\/#primaryimage","url":"https:\/\/www.rivercityinnovations.ca\/wp-content\/uploads\/2025\/05\/reseller-dauphinais.png","contentUrl":"https:\/\/www.rivercityinnovations.ca\/wp-content\/uploads\/2025\/05\/reseller-dauphinais.png"},{"@type":"BreadcrumbList","@id":"https:\/\/www.rivercityinnovations.ca\/fr\/a-propos-de\/revendeurs-et-services\/#breadcrumb","itemListElement":[{"@type":"ListItem","position":1,"name":"Home","item":"https:\/\/www.rivercityinnovations.ca\/fr\/"},{"@type":"ListItem","position":2,"name":"A propos de","item":"https:\/\/www.rivercityinnovations.ca\/fr\/a-propos-de\/"},{"@type":"ListItem","position":3,"name":"Revendeurs et services"}]},{"@type":"WebSite","@id":"https:\/\/www.rivercityinnovations.ca\/fr\/#website","url":"https:\/\/www.rivercityinnovations.ca\/fr\/","name":"Rivercity Innovations","description":"Canadian Made Expert LoRa Solution Provider","publisher":{"@id":"https:\/\/www.rivercityinnovations.ca\/fr\/#organization"},"alternateName":"Rivercity Innovations Ltd.","potentialAction":[{"@type":"SearchAction","target":{"@type":"EntryPoint","urlTemplate":"https:\/\/www.rivercityinnovations.ca\/fr\/?s={search_term_string}"},"query-input":{"@type":"PropertyValueSpecification","valueRequired":true,"valueName":"search_term_string"}}],"inLanguage":"fr-FR"},{"@type":"Organization","@id":"https:\/\/www.rivercityinnovations.ca\/fr\/#organization","name":"Rivercity Innovations","alternateName":"Rivercity Innovations Ltd.","url":"https:\/\/www.rivercityinnovations.ca\/fr\/","logo":{"@type":"ImageObject","inLanguage":"fr-FR","@id":"https:\/\/www.rivercityinnovations.ca\/fr\/#\/schema\/logo\/image\/","url":"https:\/\/www.rivercityinnovations.ca\/wp-content\/uploads\/2025\/01\/logo.png","contentUrl":"https:\/\/www.rivercityinnovations.ca\/wp-content\/uploads\/2025\/01\/logo.png","width":227,"height":49,"caption":"Rivercity Innovations"},"image":{"@id":"https:\/\/www.rivercityinnovations.ca\/fr\/#\/schema\/logo\/image\/"},"sameAs":["https:\/\/x.com\/rivercity_ltd","https:\/\/www.linkedin.com\/company\/rivercity-innovations"]}]}},"_links":{"self":[{"href":"https:\/\/www.rivercityinnovations.ca\/fr\/wp-json\/wp\/v2\/pages\/7482","targetHints":{"allow":["GET"]}}],"collection":[{"href":"https:\/\/www.rivercityinnovations.ca\/fr\/wp-json\/wp\/v2\/pages"}],"about":[{"href":"https:\/\/www.rivercityinnovations.ca\/fr\/wp-json\/wp\/v2\/types\/page"}],"author":[{"embeddable":true,"href":"https:\/\/www.rivercityinnovations.ca\/fr\/wp-json\/wp\/v2\/users\/1"}],"replies":[{"embeddable":true,"href":"https:\/\/www.rivercityinnovations.ca\/fr\/wp-json\/wp\/v2\/comments?post=7482"}],"version-history":[{"count":1,"href":"https:\/\/www.rivercityinnovations.ca\/fr\/wp-json\/wp\/v2\/pages\/7482\/revisions"}],"predecessor-version":[{"id":7483,"href":"https:\/\/www.rivercityinnovations.ca\/fr\/wp-json\/wp\/v2\/pages\/7482\/revisions\/7483"}],"up":[{"embeddable":true,"href":"https:\/\/www.rivercityinnovations.ca\/fr\/wp-json\/wp\/v2\/pages\/7626"}],"wp:attachment":[{"href":"https:\/\/www.rivercityinnovations.ca\/fr\/wp-json\/wp\/v2\/media?parent=7482"}],"curies":[{"name":"wp","href":"https:\/\/api.w.org\/{rel}","templated":true}]}}