{"id":7547,"date":"2025-01-02T12:24:17","date_gmt":"2025-01-02T18:24:17","guid":{"rendered":"https:\/\/www.rivercityinnovations.ca\/noticias\/"},"modified":"2025-05-05T15:38:42","modified_gmt":"2025-05-05T21:38:42","slug":"noticias","status":"publish","type":"page","link":"https:\/\/www.rivercityinnovations.ca\/es\/noticias\/","title":{"rendered":"Noticias"},"content":{"rendered":"\t\t<div data-elementor-type=\"wp-page\" data-elementor-id=\"7547\" class=\"elementor elementor-7547 elementor-907\" data-elementor-settings=\"{&quot;ha_cmc_init_switcher&quot;:&quot;no&quot;}\" data-elementor-post-type=\"page\">\n\t\t\t\t\t\t<section class=\"elementor-section elementor-top-section elementor-element elementor-element-ac9c28f elementor-section-boxed elementor-section-height-default elementor-section-height-default\" data-id=\"ac9c28f\" data-element_type=\"section\" data-e-type=\"section\" data-settings=\"{&quot;_ha_eqh_enable&quot;:false}\">\n\t\t\t\t\t\t<div class=\"elementor-container elementor-column-gap-default\">\n\t\t\t\t\t<div class=\"elementor-column elementor-col-100 elementor-top-column elementor-element elementor-element-e9be00b\" data-id=\"e9be00b\" data-element_type=\"column\" data-e-type=\"column\">\n\t\t\t<div class=\"elementor-widget-wrap elementor-element-populated\">\n\t\t\t\t\t\t<section class=\"elementor-section elementor-inner-section elementor-element elementor-element-1eb0efc elementor-section-boxed elementor-section-height-default elementor-section-height-default\" data-id=\"1eb0efc\" data-element_type=\"section\" data-e-type=\"section\" data-settings=\"{&quot;_ha_eqh_enable&quot;:false}\">\n\t\t\t\t\t\t<div class=\"elementor-container elementor-column-gap-default\">\n\t\t\t\t\t<div class=\"elementor-column elementor-col-100 elementor-inner-column elementor-element elementor-element-0e357d0\" data-id=\"0e357d0\" data-element_type=\"column\" data-e-type=\"column\">\n\t\t\t<div class=\"elementor-widget-wrap elementor-element-populated\">\n\t\t\t\t\t\t<div class=\"elementor-element elementor-element-064069f elementor-widget elementor-widget-heading\" data-id=\"064069f\" data-element_type=\"widget\" data-e-type=\"widget\" data-widget_type=\"heading.default\">\n\t\t\t\t<div class=\"elementor-widget-container\">\n\t\t\t\t\t<h2 class=\"elementor-heading-title elementor-size-default\">RIVERCITY INNOVATIONS AHORA SIRVE SOLUCIONES DE CADENA DE FR\u00cdO A GRANDES MARCAS CANADIENSES SKIP EXPRESS LANE Y HEALTHY PLANET<\/h2>\t\t\t\t<\/div>\n\t\t\t\t<\/div>\n\t\t\t\t<div class=\"elementor-element elementor-element-545c72a elementor-widget__width-initial elementor-widget elementor-widget-text-editor\" data-id=\"545c72a\" data-element_type=\"widget\" data-e-type=\"widget\" data-widget_type=\"text-editor.default\">\n\t\t\t\t<div class=\"elementor-widget-container\">\n\t\t\t\t\t\t\t\t\t<p>(08 de abril de 2024) &#8211; Betakit<\/p>\t\t\t\t\t\t\t\t<\/div>\n\t\t\t\t<\/div>\n\t\t\t\t<div class=\"elementor-element elementor-element-a636b4a elementor-widget elementor-widget-text-editor\" data-id=\"a636b4a\" data-element_type=\"widget\" data-e-type=\"widget\" data-widget_type=\"text-editor.default\">\n\t\t\t\t<div class=\"elementor-widget-container\">\n\t\t\t\t\t\t\t\t\t<p>Las \u00faltimas ediciones de Healthy Planet, Skip Express Lane a una base de clientes que abarca EE. UU., Canad\u00e1 y Espa\u00f1a&#8230;<\/p>\t\t\t\t\t\t\t\t<\/div>\n\t\t\t\t<\/div>\n\t\t\t\t<div class=\"elementor-element elementor-element-34e45a2 elementor-widget elementor-widget-button\" data-id=\"34e45a2\" data-element_type=\"widget\" data-e-type=\"widget\" data-widget_type=\"button.default\">\n\t\t\t\t<div class=\"elementor-widget-container\">\n\t\t\t\t\t\t\t\t\t<div class=\"elementor-button-wrapper\">\n\t\t\t\t\t<a class=\"elementor-button elementor-button-link elementor-size-sm\" href=\"#\">\n\t\t\t\t\t\t<span class=\"elementor-button-content-wrapper\">\n\t\t\t\t\t\t\t\t\t<span class=\"elementor-button-text\">Sigue leyendo<\/span>\n\t\t\t\t\t<\/span>\n\t\t\t\t\t<\/a>\n\t\t\t\t<\/div>\n\t\t\t\t\t\t\t\t<\/div>\n\t\t\t\t<\/div>\n\t\t\t\t<div class=\"elementor-element elementor-element-b26db26 elementor-widget elementor-widget-button\" data-id=\"b26db26\" data-element_type=\"widget\" data-e-type=\"widget\" data-widget_type=\"button.default\">\n\t\t\t\t<div class=\"elementor-widget-container\">\n\t\t\t\t\t\t\t\t\t<div class=\"elementor-button-wrapper\">\n\t\t\t\t\t<a class=\"elementor-button elementor-button-link elementor-size-sm\" href=\"#\">\n\t\t\t\t\t\t<span class=\"elementor-button-content-wrapper\">\n\t\t\t\t\t\t\t\t\t<span class=\"elementor-button-text\">Comunicado de prensa de Rivercity<\/span>\n\t\t\t\t\t<\/span>\n\t\t\t\t\t<\/a>\n\t\t\t\t<\/div>\n\t\t\t\t\t\t\t\t<\/div>\n\t\t\t\t<\/div>\n\t\t\t\t\t<\/div>\n\t\t<\/div>\n\t\t\t\t\t<\/div>\n\t\t<\/section>\n\t\t\t\t\t<\/div>\n\t\t<\/div>\n\t\t\t\t\t<\/div>\n\t\t<\/section>\n\t\t\t\t<section class=\"elementor-section elementor-top-section elementor-element elementor-element-0a7f20b elementor-section-boxed elementor-section-height-default elementor-section-height-default\" data-id=\"0a7f20b\" data-element_type=\"section\" data-e-type=\"section\" data-settings=\"{&quot;_ha_eqh_enable&quot;:false}\">\n\t\t\t\t\t\t<div class=\"elementor-container elementor-column-gap-default\">\n\t\t\t\t\t<div class=\"elementor-column elementor-col-100 elementor-top-column elementor-element elementor-element-97f3bb9\" data-id=\"97f3bb9\" data-element_type=\"column\" data-e-type=\"column\">\n\t\t\t<div class=\"elementor-widget-wrap\">\n\t\t\t\t\t\t\t<\/div>\n\t\t<\/div>\n\t\t\t\t\t<\/div>\n\t\t<\/section>\n\t\t\t\t<\/div>\n\t\t","protected":false},"excerpt":{"rendered":"<p>RIVERCITY INNOVATIONS AHORA SIRVE SOLUCIONES DE CADENA DE FR\u00cdO A GRANDES MARCAS CANADIENSES SKIP EXPRESS LANE Y HEALTHY PLANET (08 de abril de 2024) &#8211; Betakit Las \u00faltimas ediciones de Healthy Planet, Skip Express Lane a una base de clientes que abarca EE. UU., Canad\u00e1 y Espa\u00f1a&#8230; Sigue leyendo Comunicado de prensa de Rivercity<\/p>\n","protected":false},"author":1,"featured_media":0,"parent":0,"menu_order":0,"comment_status":"closed","ping_status":"closed","template":"News.php","meta":{"_acf_changed":false,"footnotes":""},"class_list":["post-7547","page","type-page","status-publish","hentry"],"acf":[],"yoast_head":"<!-- This site is optimized with the Yoast SEO plugin v27.2 - https:\/\/yoast.com\/product\/yoast-seo-wordpress\/ -->\n<title>Noticias &#8226; Rivercity Innovations<\/title>\n<meta name=\"robots\" content=\"index, follow, max-snippet:-1, max-image-preview:large, max-video-preview:-1\" \/>\n<link rel=\"canonical\" href=\"https:\/\/www.rivercityinnovations.ca\/es\/noticias\/\" \/>\n<meta property=\"og:locale\" content=\"es_ES\" \/>\n<meta property=\"og:type\" content=\"article\" \/>\n<meta property=\"og:title\" content=\"Noticias &#8226; Rivercity Innovations\" \/>\n<meta property=\"og:description\" content=\"RIVERCITY INNOVATIONS AHORA SIRVE SOLUCIONES DE CADENA DE FR\u00cdO A GRANDES MARCAS CANADIENSES SKIP EXPRESS LANE Y HEALTHY PLANET (08 de abril de 2024) &#8211; Betakit Las \u00faltimas ediciones de Healthy Planet, Skip Express Lane a una base de clientes que abarca EE. UU., Canad\u00e1 y Espa\u00f1a&#8230; Sigue leyendo Comunicado de prensa de Rivercity\" \/>\n<meta property=\"og:url\" content=\"https:\/\/www.rivercityinnovations.ca\/es\/noticias\/\" \/>\n<meta property=\"og:site_name\" content=\"Rivercity Innovations\" \/>\n<meta property=\"article:modified_time\" content=\"2025-05-05T21:38:42+00:00\" \/>\n<meta name=\"twitter:card\" content=\"summary_large_image\" \/>\n<meta name=\"twitter:site\" content=\"@rivercity_ltd\" \/>\n<script type=\"application\/ld+json\" class=\"yoast-schema-graph\">{\"@context\":\"https:\/\/schema.org\",\"@graph\":[{\"@type\":\"WebPage\",\"@id\":\"https:\/\/www.rivercityinnovations.ca\/es\/noticias\/\",\"url\":\"https:\/\/www.rivercityinnovations.ca\/es\/noticias\/\",\"name\":\"Noticias &#8226; Rivercity Innovations\",\"isPartOf\":{\"@id\":\"https:\/\/www.rivercityinnovations.ca\/es\/#website\"},\"datePublished\":\"2025-01-02T18:24:17+00:00\",\"dateModified\":\"2025-05-05T21:38:42+00:00\",\"breadcrumb\":{\"@id\":\"https:\/\/www.rivercityinnovations.ca\/es\/noticias\/#breadcrumb\"},\"inLanguage\":\"es\",\"potentialAction\":[{\"@type\":\"ReadAction\",\"target\":[\"https:\/\/www.rivercityinnovations.ca\/es\/noticias\/\"]}]},{\"@type\":\"BreadcrumbList\",\"@id\":\"https:\/\/www.rivercityinnovations.ca\/es\/noticias\/#breadcrumb\",\"itemListElement\":[{\"@type\":\"ListItem\",\"position\":1,\"name\":\"Home\",\"item\":\"https:\/\/www.rivercityinnovations.ca\/es\/\"},{\"@type\":\"ListItem\",\"position\":2,\"name\":\"Noticias\"}]},{\"@type\":\"WebSite\",\"@id\":\"https:\/\/www.rivercityinnovations.ca\/es\/#website\",\"url\":\"https:\/\/www.rivercityinnovations.ca\/es\/\",\"name\":\"Rivercity Innovations\",\"description\":\"Canadian Made Expert LoRa Solution Provider\",\"publisher\":{\"@id\":\"https:\/\/www.rivercityinnovations.ca\/es\/#organization\"},\"alternateName\":\"Rivercity Innovations Ltd.\",\"potentialAction\":[{\"@type\":\"SearchAction\",\"target\":{\"@type\":\"EntryPoint\",\"urlTemplate\":\"https:\/\/www.rivercityinnovations.ca\/es\/?s={search_term_string}\"},\"query-input\":{\"@type\":\"PropertyValueSpecification\",\"valueRequired\":true,\"valueName\":\"search_term_string\"}}],\"inLanguage\":\"es\"},{\"@type\":\"Organization\",\"@id\":\"https:\/\/www.rivercityinnovations.ca\/es\/#organization\",\"name\":\"Rivercity Innovations\",\"alternateName\":\"Rivercity Innovations Ltd.\",\"url\":\"https:\/\/www.rivercityinnovations.ca\/es\/\",\"logo\":{\"@type\":\"ImageObject\",\"inLanguage\":\"es\",\"@id\":\"https:\/\/www.rivercityinnovations.ca\/es\/#\/schema\/logo\/image\/\",\"url\":\"https:\/\/www.rivercityinnovations.ca\/wp-content\/uploads\/2025\/01\/logo.png\",\"contentUrl\":\"https:\/\/www.rivercityinnovations.ca\/wp-content\/uploads\/2025\/01\/logo.png\",\"width\":227,\"height\":49,\"caption\":\"Rivercity Innovations\"},\"image\":{\"@id\":\"https:\/\/www.rivercityinnovations.ca\/es\/#\/schema\/logo\/image\/\"},\"sameAs\":[\"https:\/\/x.com\/rivercity_ltd\",\"https:\/\/www.linkedin.com\/company\/rivercity-innovations\"]}]}<\/script>\n<!-- \/ Yoast SEO plugin. -->","yoast_head_json":{"title":"Noticias &#8226; Rivercity Innovations","robots":{"index":"index","follow":"follow","max-snippet":"max-snippet:-1","max-image-preview":"max-image-preview:large","max-video-preview":"max-video-preview:-1"},"canonical":"https:\/\/www.rivercityinnovations.ca\/es\/noticias\/","og_locale":"es_ES","og_type":"article","og_title":"Noticias &#8226; Rivercity Innovations","og_description":"RIVERCITY INNOVATIONS AHORA SIRVE SOLUCIONES DE CADENA DE FR\u00cdO A GRANDES MARCAS CANADIENSES SKIP EXPRESS LANE Y HEALTHY PLANET (08 de abril de 2024) &#8211; Betakit Las \u00faltimas ediciones de Healthy Planet, Skip Express Lane a una base de clientes que abarca EE. UU., Canad\u00e1 y Espa\u00f1a&#8230; Sigue leyendo Comunicado de prensa de Rivercity","og_url":"https:\/\/www.rivercityinnovations.ca\/es\/noticias\/","og_site_name":"Rivercity Innovations","article_modified_time":"2025-05-05T21:38:42+00:00","twitter_card":"summary_large_image","twitter_site":"@rivercity_ltd","schema":{"@context":"https:\/\/schema.org","@graph":[{"@type":"WebPage","@id":"https:\/\/www.rivercityinnovations.ca\/es\/noticias\/","url":"https:\/\/www.rivercityinnovations.ca\/es\/noticias\/","name":"Noticias &#8226; Rivercity Innovations","isPartOf":{"@id":"https:\/\/www.rivercityinnovations.ca\/es\/#website"},"datePublished":"2025-01-02T18:24:17+00:00","dateModified":"2025-05-05T21:38:42+00:00","breadcrumb":{"@id":"https:\/\/www.rivercityinnovations.ca\/es\/noticias\/#breadcrumb"},"inLanguage":"es","potentialAction":[{"@type":"ReadAction","target":["https:\/\/www.rivercityinnovations.ca\/es\/noticias\/"]}]},{"@type":"BreadcrumbList","@id":"https:\/\/www.rivercityinnovations.ca\/es\/noticias\/#breadcrumb","itemListElement":[{"@type":"ListItem","position":1,"name":"Home","item":"https:\/\/www.rivercityinnovations.ca\/es\/"},{"@type":"ListItem","position":2,"name":"Noticias"}]},{"@type":"WebSite","@id":"https:\/\/www.rivercityinnovations.ca\/es\/#website","url":"https:\/\/www.rivercityinnovations.ca\/es\/","name":"Rivercity Innovations","description":"Canadian Made Expert LoRa Solution Provider","publisher":{"@id":"https:\/\/www.rivercityinnovations.ca\/es\/#organization"},"alternateName":"Rivercity Innovations Ltd.","potentialAction":[{"@type":"SearchAction","target":{"@type":"EntryPoint","urlTemplate":"https:\/\/www.rivercityinnovations.ca\/es\/?s={search_term_string}"},"query-input":{"@type":"PropertyValueSpecification","valueRequired":true,"valueName":"search_term_string"}}],"inLanguage":"es"},{"@type":"Organization","@id":"https:\/\/www.rivercityinnovations.ca\/es\/#organization","name":"Rivercity Innovations","alternateName":"Rivercity Innovations Ltd.","url":"https:\/\/www.rivercityinnovations.ca\/es\/","logo":{"@type":"ImageObject","inLanguage":"es","@id":"https:\/\/www.rivercityinnovations.ca\/es\/#\/schema\/logo\/image\/","url":"https:\/\/www.rivercityinnovations.ca\/wp-content\/uploads\/2025\/01\/logo.png","contentUrl":"https:\/\/www.rivercityinnovations.ca\/wp-content\/uploads\/2025\/01\/logo.png","width":227,"height":49,"caption":"Rivercity Innovations"},"image":{"@id":"https:\/\/www.rivercityinnovations.ca\/es\/#\/schema\/logo\/image\/"},"sameAs":["https:\/\/x.com\/rivercity_ltd","https:\/\/www.linkedin.com\/company\/rivercity-innovations"]}]}},"_links":{"self":[{"href":"https:\/\/www.rivercityinnovations.ca\/es\/wp-json\/wp\/v2\/pages\/7547","targetHints":{"allow":["GET"]}}],"collection":[{"href":"https:\/\/www.rivercityinnovations.ca\/es\/wp-json\/wp\/v2\/pages"}],"about":[{"href":"https:\/\/www.rivercityinnovations.ca\/es\/wp-json\/wp\/v2\/types\/page"}],"author":[{"embeddable":true,"href":"https:\/\/www.rivercityinnovations.ca\/es\/wp-json\/wp\/v2\/users\/1"}],"replies":[{"embeddable":true,"href":"https:\/\/www.rivercityinnovations.ca\/es\/wp-json\/wp\/v2\/comments?post=7547"}],"version-history":[{"count":1,"href":"https:\/\/www.rivercityinnovations.ca\/es\/wp-json\/wp\/v2\/pages\/7547\/revisions"}],"predecessor-version":[{"id":7549,"href":"https:\/\/www.rivercityinnovations.ca\/es\/wp-json\/wp\/v2\/pages\/7547\/revisions\/7549"}],"wp:attachment":[{"href":"https:\/\/www.rivercityinnovations.ca\/es\/wp-json\/wp\/v2\/media?parent=7547"}],"curies":[{"name":"wp","href":"https:\/\/api.w.org\/{rel}","templated":true}]}}