{"id":7526,"date":"2025-01-01T12:24:17","date_gmt":"2025-01-01T18:24:17","guid":{"rendered":"https:\/\/www.rivercityinnovations.ca\/aviso-legal\/"},"modified":"2025-05-05T15:38:38","modified_gmt":"2025-05-05T21:38:38","slug":"aviso-legal","status":"publish","type":"page","link":"https:\/\/www.rivercityinnovations.ca\/es\/aviso-legal\/","title":{"rendered":"Aviso legal"},"content":{"rendered":"\t\t<div data-elementor-type=\"wp-page\" data-elementor-id=\"7526\" class=\"elementor elementor-7526 elementor-454\" data-elementor-settings=\"{&quot;ha_cmc_init_switcher&quot;:&quot;no&quot;}\" data-elementor-post-type=\"page\">\n\t\t\t\t\t\t<section class=\"elementor-section elementor-top-section elementor-element elementor-element-4ddae68 elementor-section-boxed elementor-section-height-default elementor-section-height-default\" data-id=\"4ddae68\" data-element_type=\"section\" data-e-type=\"section\" data-settings=\"{&quot;_ha_eqh_enable&quot;:false}\">\n\t\t\t\t\t\t<div class=\"elementor-container elementor-column-gap-default\">\n\t\t\t\t\t<div class=\"elementor-column elementor-col-100 elementor-top-column elementor-element elementor-element-474e8e6\" data-id=\"474e8e6\" data-element_type=\"column\" data-e-type=\"column\">\n\t\t\t<div class=\"elementor-widget-wrap elementor-element-populated\">\n\t\t\t\t\t\t<section class=\"elementor-section elementor-inner-section elementor-element elementor-element-f50d215 elementor-section-boxed elementor-section-height-default elementor-section-height-default\" data-id=\"f50d215\" data-element_type=\"section\" data-e-type=\"section\" data-settings=\"{&quot;_ha_eqh_enable&quot;:false}\">\n\t\t\t\t\t\t<div class=\"elementor-container elementor-column-gap-default\">\n\t\t\t\t\t<div class=\"elementor-column elementor-col-100 elementor-inner-column elementor-element elementor-element-e7bc035\" data-id=\"e7bc035\" data-element_type=\"column\" data-e-type=\"column\">\n\t\t\t<div class=\"elementor-widget-wrap elementor-element-populated\">\n\t\t\t\t\t\t<div class=\"elementor-element elementor-element-89b8442 elementor-widget elementor-widget-text-editor\" data-id=\"89b8442\" data-element_type=\"widget\" data-e-type=\"widget\" data-widget_type=\"text-editor.default\">\n\t\t\t\t<div class=\"elementor-widget-container\">\n\t\t\t\t\t\t\t\t\t<p>Este sitio web est\u00e1 publicado por la empresa Rivercity Innovations ltd., cuya sede social se encuentra en Suite 201 &#8211; 116 Research Drive, Saskatoon, SK, Canad\u00e1, S7N 3R3.<span class=\"Apple-converted-space\"> <\/span><\/p><p>Direcci\u00f3n de correo electr\u00f3nico: <a class=\"break_word\" href=\"mailto:sales@rivercityinnovations.ca\">sales@rivercityinnovations.ca<\/a> &#8211; Tel: <a href=\"tel:+33%204%2030%2000%2058%2022\">+33 4 30 00 58 22<\/a> O <a href=\"tel:+33%204%2030%2000%2058%2022\"> +1 (306)-986-8888 <\/a>  <span class=\"Apple-converted-space\"> <\/span><\/p><p>Rivercity Innovations Ltd. est\u00e1 inscrita en el Registro Mercantil de Saskatchewan &#8211; n\u00famero 102049605<\/p><p>El director de publicaci\u00f3n del sitio web es Jeff Shirley, en su calidad de Fundador y Director General.<\/p><p>Rivercity innovations Ltd. hace todo lo posible para proporcionar a los usuarios del sitio web www.rivercityinnovations.ca informaci\u00f3n y\/o herramientas disponibles y verificadas, pero no se hace responsable de los errores, la falta de disponibilidad de funciones y\/o la presencia de virus en su sitio web.<\/p><p>El sitio web <a href=\"https:\/\/www.rivercityinnovations.ca\/\">www.rivercityinnovations.ca<\/a> est\u00e1 alojado en Beyla, cuya sede central se encuentra en Ontario,<span class=\"Apple-converted-space\">  <\/span>Canad\u00e1.<\/p>\t\t\t\t\t\t\t\t<\/div>\n\t\t\t\t<\/div>\n\t\t\t\t\t<\/div>\n\t\t<\/div>\n\t\t\t\t\t<\/div>\n\t\t<\/section>\n\t\t\t\t\t<\/div>\n\t\t<\/div>\n\t\t\t\t\t<\/div>\n\t\t<\/section>\n\t\t\t\t<\/div>\n\t\t","protected":false},"excerpt":{"rendered":"<p>Este sitio web est\u00e1 publicado por la empresa Rivercity Innovations ltd., cuya sede social se encuentra en Suite 201 &#8211; 116 Research Drive, Saskatoon, SK, Canad\u00e1, S7N 3R3. Direcci\u00f3n de correo electr\u00f3nico: sales@rivercityinnovations.ca &#8211; Tel: +33 4 30 00 58 22 O +1 (306)-986-8888 Rivercity Innovations Ltd. est\u00e1 inscrita en el Registro Mercantil de Saskatchewan <a href=\"https:\/\/www.rivercityinnovations.ca\/es\/aviso-legal\/\" class=\"more-link\">&#8230;<span class=\"screen-reader-text\">  Aviso legal<\/span><\/a><\/p>\n","protected":false},"author":1,"featured_media":0,"parent":0,"menu_order":510,"comment_status":"closed","ping_status":"closed","template":"","meta":{"_acf_changed":false,"footnotes":""},"class_list":["post-7526","page","type-page","status-publish","hentry"],"acf":[],"yoast_head":"<!-- This site is optimized with the Yoast SEO plugin v27.2 - https:\/\/yoast.com\/product\/yoast-seo-wordpress\/ -->\n<title>Aviso legal &#8226; Rivercity Innovations<\/title>\n<meta name=\"robots\" content=\"noindex, nofollow\" \/>\n<meta property=\"og:locale\" content=\"es_ES\" \/>\n<meta property=\"og:type\" content=\"article\" \/>\n<meta property=\"og:title\" content=\"Aviso legal &#8226; Rivercity Innovations\" \/>\n<meta property=\"og:description\" content=\"Este sitio web est\u00e1 publicado por la empresa Rivercity Innovations ltd., cuya sede social se encuentra en Suite 201 &#8211; 116 Research Drive, Saskatoon, SK, Canad\u00e1, S7N 3R3. Direcci\u00f3n de correo electr\u00f3nico: sales@rivercityinnovations.ca &#8211; Tel: +33 4 30 00 58 22 O +1 (306)-986-8888 Rivercity Innovations Ltd. est\u00e1 inscrita en el Registro Mercantil de Saskatchewan ... Aviso legal\" \/>\n<meta property=\"og:url\" content=\"https:\/\/www.rivercityinnovations.ca\/es\/aviso-legal\/\" \/>\n<meta property=\"og:site_name\" content=\"Rivercity Innovations\" \/>\n<meta property=\"article:modified_time\" content=\"2025-05-05T21:38:38+00:00\" \/>\n<meta name=\"twitter:card\" content=\"summary_large_image\" \/>\n<meta name=\"twitter:site\" content=\"@rivercity_ltd\" \/>\n<meta name=\"twitter:label1\" content=\"Tiempo de lectura\" \/>\n\t<meta name=\"twitter:data1\" content=\"1 minuto\" \/>\n<script type=\"application\/ld+json\" class=\"yoast-schema-graph\">{\"@context\":\"https:\/\/schema.org\",\"@graph\":[{\"@type\":\"WebPage\",\"@id\":\"https:\/\/www.rivercityinnovations.ca\/es\/aviso-legal\/\",\"url\":\"https:\/\/www.rivercityinnovations.ca\/es\/aviso-legal\/\",\"name\":\"Aviso legal &#8226; Rivercity Innovations\",\"isPartOf\":{\"@id\":\"https:\/\/www.rivercityinnovations.ca\/es\/#website\"},\"datePublished\":\"2025-01-01T18:24:17+00:00\",\"dateModified\":\"2025-05-05T21:38:38+00:00\",\"breadcrumb\":{\"@id\":\"https:\/\/www.rivercityinnovations.ca\/es\/aviso-legal\/#breadcrumb\"},\"inLanguage\":\"es\",\"potentialAction\":[{\"@type\":\"ReadAction\",\"target\":[\"https:\/\/www.rivercityinnovations.ca\/es\/aviso-legal\/\"]}]},{\"@type\":\"BreadcrumbList\",\"@id\":\"https:\/\/www.rivercityinnovations.ca\/es\/aviso-legal\/#breadcrumb\",\"itemListElement\":[{\"@type\":\"ListItem\",\"position\":1,\"name\":\"Home\",\"item\":\"https:\/\/www.rivercityinnovations.ca\/es\/\"},{\"@type\":\"ListItem\",\"position\":2,\"name\":\"Aviso legal\"}]},{\"@type\":\"WebSite\",\"@id\":\"https:\/\/www.rivercityinnovations.ca\/es\/#website\",\"url\":\"https:\/\/www.rivercityinnovations.ca\/es\/\",\"name\":\"Rivercity Innovations\",\"description\":\"Canadian Made Expert LoRa Solution Provider\",\"publisher\":{\"@id\":\"https:\/\/www.rivercityinnovations.ca\/es\/#organization\"},\"alternateName\":\"Rivercity Innovations Ltd.\",\"potentialAction\":[{\"@type\":\"SearchAction\",\"target\":{\"@type\":\"EntryPoint\",\"urlTemplate\":\"https:\/\/www.rivercityinnovations.ca\/es\/?s={search_term_string}\"},\"query-input\":{\"@type\":\"PropertyValueSpecification\",\"valueRequired\":true,\"valueName\":\"search_term_string\"}}],\"inLanguage\":\"es\"},{\"@type\":\"Organization\",\"@id\":\"https:\/\/www.rivercityinnovations.ca\/es\/#organization\",\"name\":\"Rivercity Innovations\",\"alternateName\":\"Rivercity Innovations Ltd.\",\"url\":\"https:\/\/www.rivercityinnovations.ca\/es\/\",\"logo\":{\"@type\":\"ImageObject\",\"inLanguage\":\"es\",\"@id\":\"https:\/\/www.rivercityinnovations.ca\/es\/#\/schema\/logo\/image\/\",\"url\":\"https:\/\/www.rivercityinnovations.ca\/wp-content\/uploads\/2025\/01\/logo.png\",\"contentUrl\":\"https:\/\/www.rivercityinnovations.ca\/wp-content\/uploads\/2025\/01\/logo.png\",\"width\":227,\"height\":49,\"caption\":\"Rivercity Innovations\"},\"image\":{\"@id\":\"https:\/\/www.rivercityinnovations.ca\/es\/#\/schema\/logo\/image\/\"},\"sameAs\":[\"https:\/\/x.com\/rivercity_ltd\",\"https:\/\/www.linkedin.com\/company\/rivercity-innovations\"]}]}<\/script>\n<!-- \/ Yoast SEO plugin. -->","yoast_head_json":{"title":"Aviso legal &#8226; Rivercity Innovations","robots":{"index":"noindex","follow":"nofollow"},"og_locale":"es_ES","og_type":"article","og_title":"Aviso legal &#8226; Rivercity Innovations","og_description":"Este sitio web est\u00e1 publicado por la empresa Rivercity Innovations ltd., cuya sede social se encuentra en Suite 201 &#8211; 116 Research Drive, Saskatoon, SK, Canad\u00e1, S7N 3R3. Direcci\u00f3n de correo electr\u00f3nico: sales@rivercityinnovations.ca &#8211; Tel: +33 4 30 00 58 22 O +1 (306)-986-8888 Rivercity Innovations Ltd. est\u00e1 inscrita en el Registro Mercantil de Saskatchewan ... Aviso legal","og_url":"https:\/\/www.rivercityinnovations.ca\/es\/aviso-legal\/","og_site_name":"Rivercity Innovations","article_modified_time":"2025-05-05T21:38:38+00:00","twitter_card":"summary_large_image","twitter_site":"@rivercity_ltd","twitter_misc":{"Tiempo de lectura":"1 minuto"},"schema":{"@context":"https:\/\/schema.org","@graph":[{"@type":"WebPage","@id":"https:\/\/www.rivercityinnovations.ca\/es\/aviso-legal\/","url":"https:\/\/www.rivercityinnovations.ca\/es\/aviso-legal\/","name":"Aviso legal &#8226; Rivercity Innovations","isPartOf":{"@id":"https:\/\/www.rivercityinnovations.ca\/es\/#website"},"datePublished":"2025-01-01T18:24:17+00:00","dateModified":"2025-05-05T21:38:38+00:00","breadcrumb":{"@id":"https:\/\/www.rivercityinnovations.ca\/es\/aviso-legal\/#breadcrumb"},"inLanguage":"es","potentialAction":[{"@type":"ReadAction","target":["https:\/\/www.rivercityinnovations.ca\/es\/aviso-legal\/"]}]},{"@type":"BreadcrumbList","@id":"https:\/\/www.rivercityinnovations.ca\/es\/aviso-legal\/#breadcrumb","itemListElement":[{"@type":"ListItem","position":1,"name":"Home","item":"https:\/\/www.rivercityinnovations.ca\/es\/"},{"@type":"ListItem","position":2,"name":"Aviso legal"}]},{"@type":"WebSite","@id":"https:\/\/www.rivercityinnovations.ca\/es\/#website","url":"https:\/\/www.rivercityinnovations.ca\/es\/","name":"Rivercity Innovations","description":"Canadian Made Expert LoRa Solution Provider","publisher":{"@id":"https:\/\/www.rivercityinnovations.ca\/es\/#organization"},"alternateName":"Rivercity Innovations Ltd.","potentialAction":[{"@type":"SearchAction","target":{"@type":"EntryPoint","urlTemplate":"https:\/\/www.rivercityinnovations.ca\/es\/?s={search_term_string}"},"query-input":{"@type":"PropertyValueSpecification","valueRequired":true,"valueName":"search_term_string"}}],"inLanguage":"es"},{"@type":"Organization","@id":"https:\/\/www.rivercityinnovations.ca\/es\/#organization","name":"Rivercity Innovations","alternateName":"Rivercity Innovations Ltd.","url":"https:\/\/www.rivercityinnovations.ca\/es\/","logo":{"@type":"ImageObject","inLanguage":"es","@id":"https:\/\/www.rivercityinnovations.ca\/es\/#\/schema\/logo\/image\/","url":"https:\/\/www.rivercityinnovations.ca\/wp-content\/uploads\/2025\/01\/logo.png","contentUrl":"https:\/\/www.rivercityinnovations.ca\/wp-content\/uploads\/2025\/01\/logo.png","width":227,"height":49,"caption":"Rivercity Innovations"},"image":{"@id":"https:\/\/www.rivercityinnovations.ca\/es\/#\/schema\/logo\/image\/"},"sameAs":["https:\/\/x.com\/rivercity_ltd","https:\/\/www.linkedin.com\/company\/rivercity-innovations"]}]}},"_links":{"self":[{"href":"https:\/\/www.rivercityinnovations.ca\/es\/wp-json\/wp\/v2\/pages\/7526","targetHints":{"allow":["GET"]}}],"collection":[{"href":"https:\/\/www.rivercityinnovations.ca\/es\/wp-json\/wp\/v2\/pages"}],"about":[{"href":"https:\/\/www.rivercityinnovations.ca\/es\/wp-json\/wp\/v2\/types\/page"}],"author":[{"embeddable":true,"href":"https:\/\/www.rivercityinnovations.ca\/es\/wp-json\/wp\/v2\/users\/1"}],"replies":[{"embeddable":true,"href":"https:\/\/www.rivercityinnovations.ca\/es\/wp-json\/wp\/v2\/comments?post=7526"}],"version-history":[{"count":1,"href":"https:\/\/www.rivercityinnovations.ca\/es\/wp-json\/wp\/v2\/pages\/7526\/revisions"}],"predecessor-version":[{"id":7528,"href":"https:\/\/www.rivercityinnovations.ca\/es\/wp-json\/wp\/v2\/pages\/7526\/revisions\/7528"}],"wp:attachment":[{"href":"https:\/\/www.rivercityinnovations.ca\/es\/wp-json\/wp\/v2\/media?parent=7526"}],"curies":[{"name":"wp","href":"https:\/\/api.w.org\/{rel}","templated":true}]}}